{"id":1518,"date":"2020-11-21T15:31:30","date_gmt":"2020-11-21T15:31:30","guid":{"rendered":"https:\/\/www.absolutconsulting.es\/?page_id=1518"},"modified":"2026-05-09T17:03:59","modified_gmt":"2026-05-09T17:03:59","slug":"soluciones-empresariales","status":"publish","type":"page","link":"https:\/\/www.absolutconsulting.es\/de\/soluciones-empresariales\/","title":{"rendered":"Unternehmensl\u00f6sungen"},"content":{"rendered":"<section class=\"vc_row wpb_row vc_row-fluid\"><div class=\"container\"><div class=\"row\"><div class=\"wpb_column vc_column_container vc_col-sm-6\"><div class=\"vc_column-inner\"><div class=\"wpb_wrapper\">\n\t<div  class=\"wpb_single_image wpb_content_element vc_align_left\">\n\t\t\n\t\t<figure class=\"wpb_wrapper vc_figure\">\n\t\t\t<div class=\"vc_single_image-wrapper   vc_box_border_grey\"><img loading=\"lazy\" decoding=\"async\" width=\"2560\" height=\"1718\" src=\"https:\/\/www.absolutconsulting.es\/wp-content\/uploads\/2020\/11\/hector-j-rivas-1FxMET2U5dU-unsplash-1-scaled.jpg\" class=\"vc_single_image-img attachment-full\" alt=\"\" srcset=\"https:\/\/www.absolutconsulting.es\/wp-content\/uploads\/2020\/11\/hector-j-rivas-1FxMET2U5dU-unsplash-1-scaled.jpg 2560w, https:\/\/www.absolutconsulting.es\/wp-content\/uploads\/2020\/11\/hector-j-rivas-1FxMET2U5dU-unsplash-1-300x201.jpg 300w, https:\/\/www.absolutconsulting.es\/wp-content\/uploads\/2020\/11\/hector-j-rivas-1FxMET2U5dU-unsplash-1-1024x687.jpg 1024w, https:\/\/www.absolutconsulting.es\/wp-content\/uploads\/2020\/11\/hector-j-rivas-1FxMET2U5dU-unsplash-1-768x516.jpg 768w, https:\/\/www.absolutconsulting.es\/wp-content\/uploads\/2020\/11\/hector-j-rivas-1FxMET2U5dU-unsplash-1-1536x1031.jpg 1536w, https:\/\/www.absolutconsulting.es\/wp-content\/uploads\/2020\/11\/hector-j-rivas-1FxMET2U5dU-unsplash-1-2048x1375.jpg 2048w\" sizes=\"(max-width: 2560px) 100vw, 2560px\" \/><\/div>\n\t\t<\/figure>\n\t<\/div>\n<\/div><\/div><\/div><div class=\"wpb_column vc_column_container vc_col-sm-6\"><div class=\"vc_column-inner vc_custom_1608389808070\"><div class=\"wpb_wrapper\"><h2 style=\"color: #78d4c1;text-align: left\" class=\"vc_custom_heading\" >ENTENDER EL ENTORNO PERMITE CRECER CON MAYOR COHERENCIA, VISI\u00d3N Y CAPACIDAD DE ADAPTACI\u00d3N.<\/h2><div class=\"vc_empty_space\"   style=\"height: 20px\"><span class=\"vc_empty_space_inner\"><\/span><\/div>\n\t<div class=\"wpb_text_column wpb_content_element\" >\n\t\t<div class=\"wpb_wrapper\">\n\t\t\t<p style=\"text-align: justify;\" data-start=\"94\" data-end=\"311\">En Absolut Consulting trabajamos sobre estrategia, desarrollo empresarial e inteligencia competitiva. Analizamos estructuras, interpretamos mercados y transformamos informaci\u00f3n compleja en capacidad real de decisi\u00f3n.<\/p>\n<p style=\"text-align: justify;\" data-start=\"313\" data-end=\"570\">Cada empresa evoluciona dentro de un ecosistema distinto. Por eso combinamos an\u00e1lisis estrat\u00e9gico, visi\u00f3n empresarial y comprensi\u00f3n operativa para identificar oportunidades, anticipar escenarios y estructurar modelos de crecimiento coherentes y sostenibles.<\/p>\n<p style=\"text-align: justify;\" data-start=\"572\" data-end=\"769\" data-is-last-node=\"\" data-is-only-node=\"\">Nuestro trabajo parte de una comprensi\u00f3n profunda de c\u00f3mo funciona una empresa, c\u00f3mo se mueve su entorno y qu\u00e9 decisiones condicionan su evoluci\u00f3n, su posicionamiento y su capacidad de desarrollo.<\/p>\n\n\t\t<\/div>\n\t<\/div>\n<\/div><\/div><\/div><\/div><\/div><div class=\"clearfix\"><\/div><\/section><section class=\"vc_row wpb_row vc_row-fluid\"><div class=\"container\"><div class=\"row\"><div class=\"wpb_column vc_column_container vc_col-sm-12\"><div class=\"vc_column-inner\"><div class=\"wpb_wrapper\"><div class=\"vc_tta-container\" data-vc-action=\"collapse\"><div class=\"vc_general vc_tta vc_tta-tabs vc_tta-color-grey vc_tta-style-classic vc_tta-shape-rounded vc_tta-spacing-1 vc_tta-tabs-position-top vc_tta-controls-align-left\"><div class=\"vc_tta-tabs-container\"><ul class=\"vc_tta-tabs-list\"><li class=\"vc_tta-tab vc_active\" data-vc-tab><a href=\"#1606268356178-b4ea71a2-2d9d\" data-vc-tabs data-vc-container=\".vc_tta\"><span class=\"vc_tta-title-text\">CONSULTOR\u00cdA ESTRAT\u00c9GICA<\/span><\/a><\/li><li class=\"vc_tta-tab\" data-vc-tab><a href=\"#1606268356206-60e3aa26-cf1c\" data-vc-tabs data-vc-container=\".vc_tta\"><span class=\"vc_tta-title-text\">DESARROLLO EMPRESARIAL<\/span><\/a><\/li><li class=\"vc_tta-tab\" data-vc-tab><a href=\"#1606268627935-8e14e8f4-fb3d\" data-vc-tabs data-vc-container=\".vc_tta\"><span class=\"vc_tta-title-text\">INTELIGENCIA COMPETITIVA \u00b7 CINT<\/span><\/a><\/li><li class=\"vc_tta-tab\" data-vc-tab><a href=\"#1606269043298-ba37d25c-c263\" data-vc-tabs data-vc-container=\".vc_tta\"><span class=\"vc_tta-title-text\">GESTI\u00d3N DE PROYECTOS<\/span><\/a><\/li><li class=\"vc_tta-tab\" data-vc-tab><a href=\"#1606269111527-f9c3dbeb-1285\" data-vc-tabs data-vc-container=\".vc_tta\"><span class=\"vc_tta-title-text\">E-COMMERCE \u00b7 E-BUSINESS<\/span><\/a><\/li><\/ul><\/div><div class=\"vc_tta-panels-container\"><div class=\"vc_tta-panels\"><div class=\"vc_tta-panel vc_active\" id=\"1606268356178-b4ea71a2-2d9d\" data-vc-content=\".vc_tta-panel-body\"><div class=\"vc_tta-panel-heading\"><h4 class=\"vc_tta-panel-title\"><a href=\"#1606268356178-b4ea71a2-2d9d\" data-vc-accordion data-vc-container=\".vc_tta-container\"><span class=\"vc_tta-title-text\">CONSULTOR\u00cdA ESTRAT\u00c9GICA<\/span><\/a><\/h4><\/div><div class=\"vc_tta-panel-body\">\n\t<div class=\"wpb_text_column wpb_content_element\" >\n\t\t<div class=\"wpb_wrapper\">\n\t\t\t<h4 style=\"text-align: justify;\">Las decisiones empresariales dependen cada vez m\u00e1s de la capacidad para interpretar mercados, anticipar escenarios y comprender c\u00f3mo evoluciona el entorno competitivo. En Absolut Consulting trabajamos sobre an\u00e1lisis estrat\u00e9gico, posicionamiento y desarrollo estructural para ayudar a las empresas a construir modelos coherentes, sostenibles y adaptados a su realidad operativa.<\/h4>\n\n\t\t<\/div>\n\t<\/div>\n<\/div><\/div><div class=\"vc_tta-panel\" id=\"1606268356206-60e3aa26-cf1c\" data-vc-content=\".vc_tta-panel-body\"><div class=\"vc_tta-panel-heading\"><h4 class=\"vc_tta-panel-title\"><a href=\"#1606268356206-60e3aa26-cf1c\" data-vc-accordion data-vc-container=\".vc_tta-container\"><span class=\"vc_tta-title-text\">DESARROLLO EMPRESARIAL<\/span><\/a><\/h4><\/div><div class=\"vc_tta-panel-body\">\n\t<div class=\"wpb_text_column wpb_content_element\" >\n\t\t<div class=\"wpb_wrapper\">\n\t\t\t<h4 style=\"text-align: justify;\">El crecimiento empresarial requiere visi\u00f3n, estructura y capacidad de adaptaci\u00f3n. Analizamos oportunidades de expansi\u00f3n, nuevos mercados, modelos de desarrollo y din\u00e1micas sectoriales para ayudar a las empresas a evolucionar con una direcci\u00f3n clara y una estrategia alineada con sus objetivos.<\/h4>\n\n\t\t<\/div>\n\t<\/div>\n<\/div><\/div><div class=\"vc_tta-panel\" id=\"1606268627935-8e14e8f4-fb3d\" data-vc-content=\".vc_tta-panel-body\"><div class=\"vc_tta-panel-heading\"><h4 class=\"vc_tta-panel-title\"><a href=\"#1606268627935-8e14e8f4-fb3d\" data-vc-accordion data-vc-container=\".vc_tta-container\"><span class=\"vc_tta-title-text\">INTELIGENCIA COMPETITIVA \u00b7 CINT<\/span><\/a><\/h4><\/div><div class=\"vc_tta-panel-body\">\n\t<div class=\"wpb_text_column wpb_content_element\" >\n\t\t<div class=\"wpb_wrapper\">\n\t\t\t<h4 style=\"text-align: justify;\">La informaci\u00f3n tiene valor cuando permite comprender el entorno y mejorar la toma de decisiones. Aplicamos metodolog\u00edas de inteligencia competitiva para analizar mercados, actores, riesgos, oportunidades y movimientos estrat\u00e9gicos, transformando informaci\u00f3n dispersa en conocimiento \u00fatil para la empresa.<\/h4>\n\n\t\t<\/div>\n\t<\/div>\n<\/div><\/div><div class=\"vc_tta-panel\" id=\"1606269043298-ba37d25c-c263\" data-vc-content=\".vc_tta-panel-body\"><div class=\"vc_tta-panel-heading\"><h4 class=\"vc_tta-panel-title\"><a href=\"#1606269043298-ba37d25c-c263\" data-vc-accordion data-vc-container=\".vc_tta-container\"><span class=\"vc_tta-title-text\">GESTI\u00d3N DE PROYECTOS<\/span><\/a><\/h4><\/div><div class=\"vc_tta-panel-body\">\n\t<div class=\"wpb_text_column wpb_content_element\" >\n\t\t<div class=\"wpb_wrapper\">\n\t\t\t<h4 style=\"text-align: justify;\">Todo proyecto necesita estructura, coordinaci\u00f3n y visi\u00f3n global. Participamos en la planificaci\u00f3n, organizaci\u00f3n y desarrollo de proyectos empresariales desde su fase conceptual hasta su ejecuci\u00f3n, alineando recursos, objetivos y estrategia para facilitar su viabilidad y evoluci\u00f3n.ra su ejecuci\u00f3n.<\/h4>\n\n\t\t<\/div>\n\t<\/div>\n<\/div><\/div><div class=\"vc_tta-panel\" id=\"1606269111527-f9c3dbeb-1285\" data-vc-content=\".vc_tta-panel-body\"><div class=\"vc_tta-panel-heading\"><h4 class=\"vc_tta-panel-title\"><a href=\"#1606269111527-f9c3dbeb-1285\" data-vc-accordion data-vc-container=\".vc_tta-container\"><span class=\"vc_tta-title-text\">E-COMMERCE \u00b7 E-BUSINESS<\/span><\/a><\/h4><\/div><div class=\"vc_tta-panel-body\">\n\t<div class=\"wpb_text_column wpb_content_element\" >\n\t\t<div class=\"wpb_wrapper\">\n\t\t\t<h4 style=\"text-align: justify;\">El entorno digital ha transformado la manera en que las empresas se posicionan, comercializan y desarrollan sus modelos de negocio. Trabajamos sobre estructuras e-commerce, marketplaces, modelos digitales y ecosistemas online para construir proyectos con coherencia estrat\u00e9gica, capacidad operativa y visi\u00f3n de crecimiento.<\/h4>\n\n\t\t<\/div>\n\t<\/div>\n<\/div><\/div><\/div><\/div><\/div><\/div><\/div><\/div><\/div><\/div><\/div><div class=\"clearfix\"><\/div><\/section><section class=\"vc_row wpb_row vc_row-fluid vc_custom_1608379003077 vc_row-has-fill\"><div class=\"container\"><div class=\"row\"><div class=\"wpb_column vc_column_container vc_col-sm-12\"><div class=\"vc_column-inner\"><div class=\"wpb_wrapper\">\n\t\t\t<div class=\"call1 call-action\">\n\t\t\t<h3><\/h3>\n\t\t\t<p><\/p>\n<h3>\u00a1ESTO ME GUSTA! QUIERO SABER MUCHO M\u00c1S\u2026<\/h3>\n<p><\/p>\t\t\t<a class=\"ot-btn btn-main-color btn-rounded text-up white-text\" href=\"https:\/\/www.absolutconsulting.es\/contacto\/\" target=\"_self\">Contactar<\/a>\t\t<\/div>\n\t\n<\/div><\/div><\/div><\/div><\/div><div class=\"clearfix\"><\/div><\/section>","protected":false},"excerpt":{"rendered":"ENTENDER EL ENTORNO PERMITE CRECER CON MAYOR COHERENCIA, VISI\u00d3N Y CAPACIDAD DE ADAPTACI\u00d3N. En Absolut Consulting trabajamos sobre estrategia, desarrollo empresarial e inteligencia competitiva. Analizamos estructuras, interpretamos mercados y transformamos informaci\u00f3n compleja en capacidad real de decisi\u00f3n. Cada empresa evoluciona dentro de un ecosistema distinto. Por eso combinamos an\u00e1lisis estrat\u00e9gico, visi\u00f3n empresarial y comprensi\u00f3n operativa [...]","protected":false},"author":1,"featured_media":0,"parent":0,"menu_order":0,"comment_status":"closed","ping_status":"closed","template":"page-templates\/template-fullwidth.php","meta":{"_mbp_gutenberg_autopost":false,"footnotes":""},"yoast_head":"<!-- This site is optimized with the Yoast SEO plugin v16.5 - https:\/\/yoast.com\/wordpress\/plugins\/seo\/ -->\n<title>Soluciones empresariales - AbsolutConsulting<\/title>\n<meta name=\"robots\" content=\"index, follow, max-snippet:-1, max-image-preview:large, max-video-preview:-1\" \/>\n<link rel=\"canonical\" href=\"https:\/\/www.absolutconsulting.es\/de\/soluciones-empresariales\/\" \/>\n<meta property=\"og:locale\" content=\"de_DE\" \/>\n<meta property=\"og:type\" content=\"article\" \/>\n<meta property=\"og:title\" content=\"Soluciones empresariales - AbsolutConsulting\" \/>\n<meta property=\"og:url\" content=\"https:\/\/www.absolutconsulting.es\/de\/soluciones-empresariales\/\" \/>\n<meta property=\"og:site_name\" content=\"AbsolutConsulting\" \/>\n<meta property=\"article:modified_time\" content=\"2026-05-09T17:03:59+00:00\" \/>\n<meta name=\"twitter:card\" content=\"summary\" \/>\n<meta name=\"twitter:label1\" content=\"Gesch\u00e4tzte Lesezeit\" \/>\n\t<meta name=\"twitter:data1\" content=\"3\u00a0Minuten\" \/>\n<script type=\"application\/ld+json\" class=\"yoast-schema-graph\">{\"@context\":\"https:\/\/schema.org\",\"@graph\":[{\"@type\":\"WebSite\",\"@id\":\"https:\/\/www.absolutconsulting.es\/#website\",\"url\":\"https:\/\/www.absolutconsulting.es\/\",\"name\":\"AbsolutConsulting\",\"description\":\"Consultor\\u00eda Estrat\\u00e9gica y Marketing Digital\",\"potentialAction\":[{\"@type\":\"SearchAction\",\"target\":\"https:\/\/www.absolutconsulting.es\/?s={search_term_string}\",\"query-input\":\"required name=search_term_string\"}],\"inLanguage\":\"de\"},{\"@type\":\"WebPage\",\"@id\":\"https:\/\/www.absolutconsulting.es\/soluciones-empresariales\/#webpage\",\"url\":\"https:\/\/www.absolutconsulting.es\/soluciones-empresariales\/\",\"name\":\"Soluciones empresariales - AbsolutConsulting\",\"isPartOf\":{\"@id\":\"https:\/\/www.absolutconsulting.es\/#website\"},\"datePublished\":\"2020-11-21T15:31:30+00:00\",\"dateModified\":\"2026-05-09T17:03:59+00:00\",\"breadcrumb\":{\"@id\":\"https:\/\/www.absolutconsulting.es\/soluciones-empresariales\/#breadcrumb\"},\"inLanguage\":\"de\",\"potentialAction\":[{\"@type\":\"ReadAction\",\"target\":[\"https:\/\/www.absolutconsulting.es\/soluciones-empresariales\/\"]}]},{\"@type\":\"BreadcrumbList\",\"@id\":\"https:\/\/www.absolutconsulting.es\/soluciones-empresariales\/#breadcrumb\",\"itemListElement\":[{\"@type\":\"ListItem\",\"position\":1,\"name\":\"Portada\",\"item\":\"https:\/\/www.absolutconsulting.es\/\"},{\"@type\":\"ListItem\",\"position\":2,\"name\":\"Soluciones empresariales\"}]}]}<\/script>\n<!-- \/ Yoast SEO plugin. -->","_links":{"self":[{"href":"https:\/\/www.absolutconsulting.es\/de\/wp-json\/wp\/v2\/pages\/1518"}],"collection":[{"href":"https:\/\/www.absolutconsulting.es\/de\/wp-json\/wp\/v2\/pages"}],"about":[{"href":"https:\/\/www.absolutconsulting.es\/de\/wp-json\/wp\/v2\/types\/page"}],"author":[{"embeddable":true,"href":"https:\/\/www.absolutconsulting.es\/de\/wp-json\/wp\/v2\/users\/1"}],"replies":[{"embeddable":true,"href":"https:\/\/www.absolutconsulting.es\/de\/wp-json\/wp\/v2\/comments?post=1518"}],"version-history":[{"count":27,"href":"https:\/\/www.absolutconsulting.es\/de\/wp-json\/wp\/v2\/pages\/1518\/revisions"}],"predecessor-version":[{"id":2576,"href":"https:\/\/www.absolutconsulting.es\/de\/wp-json\/wp\/v2\/pages\/1518\/revisions\/2576"}],"wp:attachment":[{"href":"https:\/\/www.absolutconsulting.es\/de\/wp-json\/wp\/v2\/media?parent=1518"}],"curies":[{"name":"wp","href":"https:\/\/api.w.org\/{rel}","templated":true}]}}