{"id":1520,"date":"2020-11-21T15:32:04","date_gmt":"2020-11-21T15:32:04","guid":{"rendered":"https:\/\/www.absolutconsulting.es\/?page_id=1520"},"modified":"2026-05-09T16:56:52","modified_gmt":"2026-05-09T16:56:52","slug":"inteligencia-competitiva-cint","status":"publish","type":"page","link":"https:\/\/www.absolutconsulting.es\/de\/inteligencia-competitiva-cint\/","title":{"rendered":"Inteligencia competitiva \/ CINT"},"content":{"rendered":"<section class=\"vc_row wpb_row vc_row-fluid\"><div class=\"container\"><div class=\"row\"><div class=\"wpb_column vc_column_container vc_col-sm-6\"><div class=\"vc_column-inner\"><div class=\"wpb_wrapper\">\n\t<div  class=\"wpb_single_image wpb_content_element vc_align_left\">\n\t\t\n\t\t<figure class=\"wpb_wrapper vc_figure\">\n\t\t\t<div class=\"vc_single_image-wrapper   vc_box_border_grey\"><img loading=\"lazy\" decoding=\"async\" width=\"1000\" height=\"643\" src=\"https:\/\/www.absolutconsulting.es\/wp-content\/uploads\/2026\/05\/cint.jpg\" class=\"vc_single_image-img attachment-full\" alt=\"\" srcset=\"https:\/\/www.absolutconsulting.es\/wp-content\/uploads\/2026\/05\/cint.jpg 1000w, https:\/\/www.absolutconsulting.es\/wp-content\/uploads\/2026\/05\/cint-300x193.jpg 300w, https:\/\/www.absolutconsulting.es\/wp-content\/uploads\/2026\/05\/cint-768x494.jpg 768w\" sizes=\"(max-width: 1000px) 100vw, 1000px\" \/><\/div>\n\t\t<\/figure>\n\t<\/div>\n<\/div><\/div><\/div><div class=\"wpb_column vc_column_container vc_col-sm-6\"><div class=\"vc_column-inner vc_custom_1608390017768\"><div class=\"wpb_wrapper\"><h2 style=\"color: #78d4c1;text-align: left\" class=\"vc_custom_heading\" >INTELIGENCIA COMPETITIVA \u00b7 CINT<\/h2><div class=\"vc_empty_space\"   style=\"height: 30px\"><span class=\"vc_empty_space_inner\"><\/span><\/div>\n\t<div class=\"wpb_text_column wpb_content_element\" >\n\t\t<div class=\"wpb_wrapper\">\n\t\t\t<p style=\"text-align: justify;\" data-start=\"299\" data-end=\"692\">La inteligencia competitiva y la Competitive Intelligence (CINT) permiten comprender el entorno empresarial m\u00e1s all\u00e1 de la informaci\u00f3n visible. En Absolut Consulting trabajamos sobre an\u00e1lisis estrat\u00e9gico, lectura de ecosistemas competitivos e interpretaci\u00f3n de din\u00e1micas de mercado para ayudar a las empresas a anticipar escenarios, identificar riesgos y detectar oportunidades de desarrollo.<\/p>\n<p style=\"text-align: justify;\" data-start=\"299\" data-end=\"692\">LA INFORMACI\u00d3N SOLO TIENE VALOR CUANDO MEJORA LA CAPACIDAD DE DECISI\u00d3N.<\/p>\n<p style=\"text-align: justify;\" data-start=\"694\" data-end=\"1076\">Nuestro enfoque combina metodolog\u00edas de CINT, an\u00e1lisis estructural e investigaci\u00f3n estrat\u00e9gica para transformar informaci\u00f3n dispersa en conocimiento \u00fatil para la toma de decisiones empresariales. Analizamos actores, mercados, relaciones y din\u00e1micas competitivas con el objetivo de mejorar la capacidad de interpretaci\u00f3n, posicionamiento y adaptaci\u00f3n dentro del entorno empresarial.<\/p>\n\n\t\t<\/div>\n\t<\/div>\n<\/div><\/div><\/div><\/div><\/div><div class=\"clearfix\"><\/div><\/section><section class=\"vc_row wpb_row vc_row-fluid\"><div class=\"container\"><div class=\"row\"><div class=\"wpb_column vc_column_container vc_col-sm-12\"><div class=\"vc_column-inner\"><div class=\"wpb_wrapper\"><div class=\"vc_tta-container\" data-vc-action=\"collapse\"><div class=\"vc_general vc_tta vc_tta-tabs vc_tta-color-grey vc_tta-style-classic vc_tta-shape-rounded vc_tta-spacing-1 vc_tta-tabs-position-top vc_tta-controls-align-left\"><div class=\"vc_tta-tabs-container\"><ul class=\"vc_tta-tabs-list\"><li class=\"vc_tta-tab vc_active\" data-vc-tab><a href=\"#1606239074843-7b5d1046-0714\" data-vc-tabs data-vc-container=\".vc_tta\"><span class=\"vc_tta-title-text\">AN\u00c1LISIS COMPETITIVO<\/span><\/a><\/li><li class=\"vc_tta-tab\" data-vc-tab><a href=\"#1606239074864-16f8ac01-6c6f\" data-vc-tabs data-vc-container=\".vc_tta\"><span class=\"vc_tta-title-text\">VIGILANCIA ESTRAT\u00c9GICA<\/span><\/a><\/li><li class=\"vc_tta-tab\" data-vc-tab><a href=\"#1778164803179-22024f37-be4a\" data-vc-tabs data-vc-container=\".vc_tta\"><span class=\"vc_tta-title-text\">ECOSISTEMAS Y MERCADOS<\/span><\/a><\/li><li class=\"vc_tta-tab\" data-vc-tab><a href=\"#1778165179705-3e91041b-c7a4\" data-vc-tabs data-vc-container=\".vc_tta\"><span class=\"vc_tta-title-text\">INVESTIGACI\u00d3N EMPRESARIAL<\/span><\/a><\/li><li class=\"vc_tta-tab\" data-vc-tab><a href=\"#1778165294911-26701da3-1300\" data-vc-tabs data-vc-container=\".vc_tta\"><span class=\"vc_tta-title-text\">INTELIGENCIA PARA LA TOMA DE DECISI\u00d3N<\/span><\/a><\/li><\/ul><\/div><div class=\"vc_tta-panels-container\"><div class=\"vc_tta-panels\"><div class=\"vc_tta-panel vc_active\" id=\"1606239074843-7b5d1046-0714\" data-vc-content=\".vc_tta-panel-body\"><div class=\"vc_tta-panel-heading\"><h4 class=\"vc_tta-panel-title\"><a href=\"#1606239074843-7b5d1046-0714\" data-vc-accordion data-vc-container=\".vc_tta-container\"><span class=\"vc_tta-title-text\">AN\u00c1LISIS COMPETITIVO<\/span><\/a><\/h4><\/div><div class=\"vc_tta-panel-body\">\n\t<div class=\"wpb_text_column wpb_content_element\" >\n\t\t<div class=\"wpb_wrapper\">\n\t\t\t<p style=\"text-align: justify;\" data-start=\"26\" data-end=\"321\">Comprender un mercado implica analizar mucho m\u00e1s que productos o precios. Estudiamos actores, posicionamientos, din\u00e1micas sectoriales y movimientos estrat\u00e9gicos para identificar ventajas competitivas, oportunidades de desarrollo y posibles escenarios de evoluci\u00f3n dentro del entorno empresarial.<\/p>\n<p style=\"text-align: justify;\" data-start=\"323\" data-end=\"512\">El an\u00e1lisis competitivo permite interpretar c\u00f3mo se estructura un mercado, qu\u00e9 factores condicionan su evoluci\u00f3n y c\u00f3mo determinadas decisiones pueden modificar el equilibrio entre actores.<\/p>\n<p data-start=\"514\" data-end=\"730\">\u2022 AN\u00c1LISIS DE COMPETIDORES Y POSICIONAMIENTO<br data-start=\"558\" data-end=\"561\" \/>\u2022 IDENTIFICACI\u00d3N DE OPORTUNIDADES ESTRAT\u00c9GICAS<br data-start=\"607\" data-end=\"610\" \/>\u2022 LECTURA DE DIN\u00c1MICAS SECTORIALES<br data-start=\"644\" data-end=\"647\" \/>\u2022 AN\u00c1LISIS DE MOVIMIENTOS EMPRESARIALES<br data-start=\"686\" data-end=\"689\" \/>\u2022 INTERPRETACI\u00d3N DE ENTORNOS COMPETITIVOS<\/p>\n\n\t\t<\/div>\n\t<\/div>\n<\/div><\/div><div class=\"vc_tta-panel\" id=\"1606239074864-16f8ac01-6c6f\" data-vc-content=\".vc_tta-panel-body\"><div class=\"vc_tta-panel-heading\"><h4 class=\"vc_tta-panel-title\"><a href=\"#1606239074864-16f8ac01-6c6f\" data-vc-accordion data-vc-container=\".vc_tta-container\"><span class=\"vc_tta-title-text\">VIGILANCIA ESTRAT\u00c9GICA<\/span><\/a><\/h4><\/div><div class=\"vc_tta-panel-body\">\n\t<div class=\"wpb_text_column wpb_content_element\" >\n\t\t<div class=\"wpb_wrapper\">\n\t\t\t<p style=\"text-align: justify;\" data-start=\"765\" data-end=\"994\">Los entornos empresariales evolucionan constantemente. La vigilancia estrat\u00e9gica permite observar tendencias, transformaciones sectoriales y se\u00f1ales relevantes para mejorar la capacidad de adaptaci\u00f3n y anticipaci\u00f3n de la empresa.<\/p>\n<p style=\"text-align: justify;\" data-start=\"996\" data-end=\"1183\">Trabajamos sobre procesos de observaci\u00f3n estructurada orientados a detectar cambios de mercado, nuevas din\u00e1micas competitivas y factores capaces de influir sobre la actividad empresarial.<\/p>\n<p data-start=\"1185\" data-end=\"1379\">\u2022 SEGUIMIENTO DE ENTORNOS EMPRESARIALES<br data-start=\"1224\" data-end=\"1227\" \/>\u2022 IDENTIFICACI\u00d3N DE TENDENCIAS Y CAMBIOS<br data-start=\"1267\" data-end=\"1270\" \/>\u2022 OBSERVACI\u00d3N DE MERCADOS Y ACTORES<br data-start=\"1305\" data-end=\"1308\" \/>\u2022 DETECCI\u00d3N DE SE\u00d1ALES ESTRAT\u00c9GICAS<br data-start=\"1343\" data-end=\"1346\" \/>\u2022 AN\u00c1LISIS DE EVOLUCI\u00d3N SECTORIAL<\/p>\n\n\t\t<\/div>\n\t<\/div>\n<\/div><\/div><div class=\"vc_tta-panel\" id=\"1778164803179-22024f37-be4a\" data-vc-content=\".vc_tta-panel-body\"><div class=\"vc_tta-panel-heading\"><h4 class=\"vc_tta-panel-title\"><a href=\"#1778164803179-22024f37-be4a\" data-vc-accordion data-vc-container=\".vc_tta-container\"><span class=\"vc_tta-title-text\">ECOSISTEMAS Y MERCADOS<\/span><\/a><\/h4><\/div><div class=\"vc_tta-panel-body\">\n\t<div class=\"wpb_text_column wpb_content_element\" >\n\t\t<div class=\"wpb_wrapper\">\n\t\t\t<p style=\"text-align: justify;\" data-start=\"1414\" data-end=\"1703\">Toda empresa opera dentro de un ecosistema compuesto por actores, relaciones, dependencias e intereses distintos. Analizamos estructuras de mercado, cadenas de valor y din\u00e1micas empresariales para comprender c\u00f3mo interact\u00faan los diferentes elementos que condicionan el entorno competitivo.<\/p>\n<p style=\"text-align: justify;\" data-start=\"1705\" data-end=\"1846\">La lectura de ecosistemas permite interpretar oportunidades de expansi\u00f3n, zonas de influencia y posibles escenarios de evoluci\u00f3n empresarial.<\/p>\n<p data-start=\"1848\" data-end=\"2039\">\u2022 AN\u00c1LISIS DE ECOSISTEMAS EMPRESARIALES<br data-start=\"1887\" data-end=\"1890\" \/>\u2022 INTERPRETACI\u00d3N DE CADENAS DE VALOR<br data-start=\"1926\" data-end=\"1929\" \/>\u2022 IDENTIFICACI\u00d3N DE ACTORES CLAVE<br data-start=\"1962\" data-end=\"1965\" \/>\u2022 ESTRUCTURAS DE MERCADO Y RELACIONES<br data-start=\"2002\" data-end=\"2005\" \/>\u2022 AN\u00c1LISIS DE ENTORNOS SECTORIALES<\/p>\n\n\t\t<\/div>\n\t<\/div>\n<\/div><\/div><div class=\"vc_tta-panel\" id=\"1778165179705-3e91041b-c7a4\" data-vc-content=\".vc_tta-panel-body\"><div class=\"vc_tta-panel-heading\"><h4 class=\"vc_tta-panel-title\"><a href=\"#1778165179705-3e91041b-c7a4\" data-vc-accordion data-vc-container=\".vc_tta-container\"><span class=\"vc_tta-title-text\">INVESTIGACI\u00d3N EMPRESARIAL<\/span><\/a><\/h4><\/div><div class=\"vc_tta-panel-body\">\n\t<div class=\"wpb_text_column wpb_content_element\" >\n\t\t<div class=\"wpb_wrapper\">\n\t\t\t<p style=\"text-align: justify;\" data-start=\"2710\" data-end=\"2993\">La investigaci\u00f3n empresarial permite comprender estructuras, din\u00e1micas y comportamientos relevantes para la toma de decisiones. Trabajamos sobre recopilaci\u00f3n, organizaci\u00f3n e interpretaci\u00f3n de informaci\u00f3n estrat\u00e9gica orientada al an\u00e1lisis de mercados, actores y modelos empresariales.<\/p>\n<p style=\"text-align: justify;\" data-start=\"2995\" data-end=\"3096\">Cada proyecto requiere metodolog\u00edas adaptadas al contexto, al sector y a los objetivos de la empresa.<\/p>\n<p data-start=\"3098\" data-end=\"3306\">\u2022 INVESTIGACI\u00d3N DE MERCADOS Y ACTORES<br data-start=\"3135\" data-end=\"3138\" \/>\u2022 RECOPILACI\u00d3N Y AN\u00c1LISIS DE INFORMACI\u00d3N<br data-start=\"3178\" data-end=\"3181\" \/>\u2022 ESTUDIO DE MODELOS EMPRESARIALES<br data-start=\"3215\" data-end=\"3218\" \/>\u2022 INTERPRETACI\u00d3N DE ESTRUCTURAS COMPETITIVAS<br data-start=\"3262\" data-end=\"3265\" \/>\u2022 ORGANIZACI\u00d3N DE INFORMACI\u00d3N ESTRAT\u00c9GICA<\/p>\n\n\t\t<\/div>\n\t<\/div>\n<\/div><\/div><div class=\"vc_tta-panel\" id=\"1778165294911-26701da3-1300\" data-vc-content=\".vc_tta-panel-body\"><div class=\"vc_tta-panel-heading\"><h4 class=\"vc_tta-panel-title\"><a href=\"#1778165294911-26701da3-1300\" data-vc-accordion data-vc-container=\".vc_tta-container\"><span class=\"vc_tta-title-text\">INTELIGENCIA PARA LA TOMA DE DECISI\u00d3N<\/span><\/a><\/h4><\/div><div class=\"vc_tta-panel-body\">\n\t<div class=\"wpb_text_column wpb_content_element\" >\n\t\t<div class=\"wpb_wrapper\">\n\t\t\t<p style=\"text-align: justify;\" data-start=\"3348\" data-end=\"3595\">La informaci\u00f3n adquiere valor cuando facilita comprensi\u00f3n, reduce incertidumbre y mejora la capacidad de decisi\u00f3n. Transformamos informaci\u00f3n compleja en an\u00e1lisis estructurados orientados a apoyar procesos estrat\u00e9gicos, comerciales y empresariales.<\/p>\n<p style=\"text-align: justify;\" data-start=\"3597\" data-end=\"3765\">Nuestro enfoque combina lectura de entorno, an\u00e1lisis competitivo y visi\u00f3n empresarial para ayudar a construir decisiones con mayor perspectiva y coherencia estrat\u00e9gica.<\/p>\n<p data-start=\"3767\" data-end=\"3959\" data-is-last-node=\"\" data-is-only-node=\"\">\u2022 AN\u00c1LISIS PARA LA TOMA DE DECISIONES<br data-start=\"3804\" data-end=\"3807\" \/>\u2022 INTERPRETACI\u00d3N DE INFORMACI\u00d3N ESTRAT\u00c9GICA<br data-start=\"3850\" data-end=\"3853\" \/>\u2022 APOYO A PROCESOS EMPRESARIALES<br data-start=\"3885\" data-end=\"3888\" \/>\u2022 LECTURA GLOBAL DEL ENTORNO<br data-start=\"3916\" data-end=\"3919\" \/>\u2022 ESTRUCTURACI\u00d3N DE INFORMACI\u00d3N COMPLEJA<\/p>\n\n\t\t<\/div>\n\t<\/div>\n<\/div><\/div><\/div><\/div><\/div><\/div><\/div><\/div><\/div><\/div><\/div><div class=\"clearfix\"><\/div><\/section><section class=\"vc_row wpb_row vc_row-fluid vc_custom_1608379094202 vc_row-has-fill\"><div class=\"container\"><div class=\"row\"><div class=\"wpb_column vc_column_container vc_col-sm-12\"><div class=\"vc_column-inner\"><div class=\"wpb_wrapper\">\n\t\t\t<div class=\"call1 call-action\">\n\t\t\t<h3><\/h3>\n\t\t\t<p><\/p>\n<h3>\u00a1ESTO ME GUSTA! QUIERO SABER MUCHO M\u00c1S\u2026<\/h3>\n<p><\/p>\t\t\t<a class=\"ot-btn btn-main-color btn-rounded text-up white-text\" href=\"https:\/\/www.absolutconsulting.es\/contacto\/\" target=\"_blank\">Contactar<\/a>\t\t<\/div>\n\t\n<\/div><\/div><\/div><\/div><\/div><div class=\"clearfix\"><\/div><\/section>","protected":false},"excerpt":{"rendered":"INTELIGENCIA COMPETITIVA \u00b7 CINT La inteligencia competitiva y la Competitive Intelligence (CINT) permiten comprender el entorno empresarial m\u00e1s all\u00e1 de la informaci\u00f3n visible. En Absolut Consulting trabajamos sobre an\u00e1lisis estrat\u00e9gico, lectura de ecosistemas competitivos e interpretaci\u00f3n de din\u00e1micas de mercado para ayudar a las empresas a anticipar escenarios, identificar riesgos y detectar oportunidades de desarrollo. [...]","protected":false},"author":1,"featured_media":0,"parent":0,"menu_order":0,"comment_status":"closed","ping_status":"closed","template":"page-templates\/template-fullwidth.php","meta":{"_mbp_gutenberg_autopost":false,"footnotes":""},"yoast_head":"<!-- This site is optimized with the Yoast SEO plugin v16.5 - https:\/\/yoast.com\/wordpress\/plugins\/seo\/ -->\n<title>Su agencia de Intelicengia competitiva \/ CINT - AbsolutConsulting<\/title>\n<meta name=\"robots\" content=\"index, follow, max-snippet:-1, max-image-preview:large, max-video-preview:-1\" \/>\n<link rel=\"canonical\" href=\"https:\/\/www.absolutconsulting.es\/de\/inteligencia-competitiva-cint\/\" \/>\n<meta property=\"og:locale\" content=\"de_DE\" \/>\n<meta property=\"og:type\" content=\"article\" \/>\n<meta property=\"og:title\" content=\"Su agencia de Intelicengia competitiva \/ CINT - AbsolutConsulting\" \/>\n<meta property=\"og:url\" content=\"https:\/\/www.absolutconsulting.es\/de\/inteligencia-competitiva-cint\/\" \/>\n<meta property=\"og:site_name\" content=\"AbsolutConsulting\" \/>\n<meta property=\"article:modified_time\" content=\"2026-05-09T16:56:52+00:00\" \/>\n<meta name=\"twitter:card\" content=\"summary\" \/>\n<meta name=\"twitter:label1\" content=\"Gesch\u00e4tzte Lesezeit\" \/>\n\t<meta name=\"twitter:data1\" content=\"4\u00a0Minuten\" \/>\n<script type=\"application\/ld+json\" class=\"yoast-schema-graph\">{\"@context\":\"https:\/\/schema.org\",\"@graph\":[{\"@type\":\"WebSite\",\"@id\":\"https:\/\/www.absolutconsulting.es\/#website\",\"url\":\"https:\/\/www.absolutconsulting.es\/\",\"name\":\"AbsolutConsulting\",\"description\":\"Consultor\\u00eda Estrat\\u00e9gica y Marketing Digital\",\"potentialAction\":[{\"@type\":\"SearchAction\",\"target\":\"https:\/\/www.absolutconsulting.es\/?s={search_term_string}\",\"query-input\":\"required name=search_term_string\"}],\"inLanguage\":\"de\"},{\"@type\":\"WebPage\",\"@id\":\"https:\/\/www.absolutconsulting.es\/inteligencia-competitiva-cint\/#webpage\",\"url\":\"https:\/\/www.absolutconsulting.es\/inteligencia-competitiva-cint\/\",\"name\":\"Su agencia de Intelicengia competitiva \/ CINT - AbsolutConsulting\",\"isPartOf\":{\"@id\":\"https:\/\/www.absolutconsulting.es\/#website\"},\"datePublished\":\"2020-11-21T15:32:04+00:00\",\"dateModified\":\"2026-05-09T16:56:52+00:00\",\"breadcrumb\":{\"@id\":\"https:\/\/www.absolutconsulting.es\/inteligencia-competitiva-cint\/#breadcrumb\"},\"inLanguage\":\"de\",\"potentialAction\":[{\"@type\":\"ReadAction\",\"target\":[\"https:\/\/www.absolutconsulting.es\/inteligencia-competitiva-cint\/\"]}]},{\"@type\":\"BreadcrumbList\",\"@id\":\"https:\/\/www.absolutconsulting.es\/inteligencia-competitiva-cint\/#breadcrumb\",\"itemListElement\":[{\"@type\":\"ListItem\",\"position\":1,\"name\":\"Portada\",\"item\":\"https:\/\/www.absolutconsulting.es\/\"},{\"@type\":\"ListItem\",\"position\":2,\"name\":\"Intelicengia competitiva \/ CINT\"}]}]}<\/script>\n<!-- \/ Yoast SEO plugin. -->","_links":{"self":[{"href":"https:\/\/www.absolutconsulting.es\/de\/wp-json\/wp\/v2\/pages\/1520"}],"collection":[{"href":"https:\/\/www.absolutconsulting.es\/de\/wp-json\/wp\/v2\/pages"}],"about":[{"href":"https:\/\/www.absolutconsulting.es\/de\/wp-json\/wp\/v2\/types\/page"}],"author":[{"embeddable":true,"href":"https:\/\/www.absolutconsulting.es\/de\/wp-json\/wp\/v2\/users\/1"}],"replies":[{"embeddable":true,"href":"https:\/\/www.absolutconsulting.es\/de\/wp-json\/wp\/v2\/comments?post=1520"}],"version-history":[{"count":37,"href":"https:\/\/www.absolutconsulting.es\/de\/wp-json\/wp\/v2\/pages\/1520\/revisions"}],"predecessor-version":[{"id":2573,"href":"https:\/\/www.absolutconsulting.es\/de\/wp-json\/wp\/v2\/pages\/1520\/revisions\/2573"}],"wp:attachment":[{"href":"https:\/\/www.absolutconsulting.es\/de\/wp-json\/wp\/v2\/media?parent=1520"}],"curies":[{"name":"wp","href":"https:\/\/api.w.org\/{rel}","templated":true}]}}