{"id":1553,"date":"2020-11-21T16:45:36","date_gmt":"2020-11-21T16:45:36","guid":{"rendered":"https:\/\/www.absolutconsulting.es\/?page_id=1553"},"modified":"2020-11-29T11:39:12","modified_gmt":"2020-11-29T11:39:12","slug":"aviso-legal","status":"publish","type":"page","link":"https:\/\/www.absolutconsulting.es\/de\/aviso-legal\/","title":{"rendered":"Rechtlicher Hinweis"},"content":{"rendered":"<section class=\"vc_row wpb_row vc_row-fluid\"><div class=\"container\"><div class=\"row\"><div class=\"wpb_column vc_column_container vc_col-sm-12\"><div class=\"vc_column-inner\"><div class=\"wpb_wrapper\">\n\t<div class=\"wpb_text_column wpb_content_element\" >\n\t\t<div class=\"wpb_wrapper\">\n\t\t\t<p>En este espacio, el USUARIO, podr\u00e1 encontrar toda la informaci\u00f3n relativa a los t\u00e9rminos y condiciones legales que definen las relaciones entre los usuarios y nosotros como responsables de esta web. Como usuario, es importante que conozcas estos t\u00e9rminos antes de continuar tu navegaci\u00f3n.<\/p>\n<p>ABSOLUT CONSULTING como responsable de esta web, asume el compromiso de procesar la informaci\u00f3n de nuestros usuarios y clientes con plenas garant\u00edas y cumplir con los requisitos nacionales y europeos que regulan la recopilaci\u00f3n y uso de los datos personales de nuestros usuarios.<\/p>\n<p>Esta web, por tanto, cumple rigurosamente con el RGPD (REGLAMENTO (UE) 2016\/679 de protecci\u00f3n de datos) y la LSSI-CE la Ley 34\/2002, de 11 de julio, de servicios de la sociedad de la informaci\u00f3n y de comercio electr\u00f3nico.<\/p>\n<p>\u00a0<\/p>\n<h3>Condiciones generales de uso<\/h3>\n<p>Las presentes Condiciones Generales regulan el uso (incluyendo el mero acceso) de las p\u00e1ginas de la web, integrantes del sitio web materiagris.es incluidos los contenidos y servicios puestos a disposici\u00f3n en ellas. Toda persona que acceda a la web, materiagris.es (\u201cUsuario\u201d) acepta someterse a las Condiciones Generales vigentes en cada momento del portal materiagris.es<\/p>\n<p>Datos personales que recabamos y c\u00f3mo lo hacemos: leer\u00a0<span style=\"color: #000000;\"><a style=\"color: #000000;\" href=\"https:\/\/www.materiagris.es\/politica-de-privacidad\/\" target=\"_blank\" rel=\"noopener noreferrer\">Pol\u00edtica de Privacidad<\/a><\/span><\/p>\n<p>\u00a0<\/p>\n<h3>Compromisos y obligaciones de los usuarios<\/h3>\n<p>El Usuario queda informado, y acepta, que el acceso a la presente web no supone, en modo alguno, el inicio de una relaci\u00f3n comercial con ABSOLUT CONSULTING. De esta forma, el usuario se compromete a utilizar el sitio Web, sus servicios y contenidos sin contravenir la legislaci\u00f3n vigente, la buena fe y el orden p\u00fablico.<\/p>\n<p>Queda prohibido el uso de la web, con fines il\u00edcitos o lesivos, o que, de cualquier forma, puedan causar perjuicio o impedir el normal funcionamiento del sitio web. Respecto de los contenidos de esta web, se proh\u00edbe:<\/p>\n<p>Su reproducci\u00f3n, distribuci\u00f3n o modificaci\u00f3n, total o parcial, a menos que se cuente con la autorizaci\u00f3n de sus leg\u00edtimos titulares; Cualquier vulneraci\u00f3n de los derechos del prestador o de los leg\u00edtimos titulares;<br \/>\nSu utilizaci\u00f3n para fines comerciales o publicitarios.<\/p>\n<p>En la utilizaci\u00f3n de la web, absolutconsulting.es, el Usuario se compromete a no llevar a cabo ninguna conducta que pudiera da\u00f1ar la imagen, los intereses y los derechos de ABSOLUT CONSULTING o de terceros o que pudiera da\u00f1ar, inutilizar o sobrecargar el portal (indicar dominio) o que impidiera, de cualquier forma, la normal utilizaci\u00f3n de la web.<\/p>\n<p>No obstante, el Usuario debe ser consciente de que las medidas de seguridad de los sistemas inform\u00e1ticos en Internet no son enteramente fiables y que, por tanto ABSOLUT CONSULTING no puede garantizar la inexistencia de virus u otros elementos que puedan producir alteraciones en los sistemas inform\u00e1ticos (software y hardware) del Usuario o en sus documentos electr\u00f3nicos y ficheros contenidos en los mismos.<\/p>\n<p>\u00a0<\/p>\n<h3>Medidas de seguridad<\/h3>\n<p>Los datos personales comunicados por el usuario a ABSOLUT CONSULTING pueden ser almacenados en bases de datos automatizadas o no, cuya titularidad corresponde en exclusiva a ABSOLUT CONSULTING, asumiendo \u00e9sta todas las medidas de \u00edndole t\u00e9cnica, organizativa y de seguridad que garantizan la confidencialidad, integridad y calidad de la informaci\u00f3n contenida en las mismas de acuerdo con lo establecido en la normativa vigente en protecci\u00f3n de datos.<\/p>\n<p>\u00a0<\/p>\n<h3>Plataforma de resoluci\u00f3n de conflictos<\/h3>\n<p>Por si puede ser de tu inter\u00e9s, para someter tus reclamaciones puedes utilizar tambi\u00e9n la plataforma de resoluci\u00f3n de litigios que facilita la Comisi\u00f3n Europea y que se encuentra disponible en el siguiente enlace: http:\/\/ec.europa.eu\/consumers\/odr\/<\/p>\n<p>\u00a0<\/p>\n<h3>Propiedad intelectual e industrial<\/h3>\n<p>En virtud de lo dispuesto en los art\u00edculos 8 y 32.1, p\u00e1rrafo segundo, de la Ley de Propiedad Intelectual, quedan expresamente prohibidas la reproducci\u00f3n, la distribuci\u00f3n y la comunicaci\u00f3n p\u00fablica, incluida su modalidad de puesta a disposici\u00f3n, de la totalidad o parte de los contenidos de esta p\u00e1gina web, con fines comerciales, en cualquier soporte y por cualquier medio t\u00e9cnico, sin la autorizaci\u00f3n de absolutconsulting.es<\/p>\n<p>El usuario debe comprometerse a respetar los derechos de Propiedad Intelectual e Industrial titularidad de absolutconsulting.es<\/p>\n<p>El usuario conoce y acepta que la totalidad del sitio web, conteniendo sin car\u00e1cter exhaustivo el texto, software, contenidos (incluyendo estructura, selecci\u00f3n, ordenaci\u00f3n y presentaci\u00f3n de los mismos) podcast, fotograf\u00edas, material audiovisual y gr\u00e1ficos, est\u00e1 protegida por marcas, derechos de autor y otros derechos leg\u00edtimos, de acuerdo con los tratados internacionales en los que Espa\u00f1a es parte y otros derechos de propiedad y leyes de Espa\u00f1a.<\/p>\n<p>En el caso de que un usuario o un tercero consideren que se ha producido una violaci\u00f3n de sus leg\u00edtimos derechos de propiedad intelectual por la introducci\u00f3n de un determinado contenido en la web, deber\u00e1 notificar dicha circunstancia a ABSOLUT CONSULTING indicando:<\/p>\n<p>Datos personales del interesado titular de los derechos presuntamente infringidos, o indicar la representaci\u00f3n con la que act\u00faa en caso de que la reclamaci\u00f3n la presente un tercero distinto del interesado.<\/p>\n<p>Se\u00f1alar los contenidos protegidos por los derechos de propiedad intelectual y su ubicaci\u00f3n en la web, la acreditaci\u00f3n de los derechos de propiedad intelectual se\u00f1alados y declaraci\u00f3n expresa en la que el interesado se responsabiliza de la veracidad de las informaciones facilitadas en la notificaci\u00f3n.<\/p>\n<p>\u00a0<\/p>\n<h3>Enlaces externos<\/h3>\n<p>Las p\u00e1ginas de la web absolutconsulting.es, proporciona enlaces a otros sitios web propios y contenidos que son propiedad de terceros tales como:<\/p>\n<p>\u2013 Contenidos de otros blogs<\/p>\n<p>\u2013 Herramientas<\/p>\n<p>\u2013 Recursos<\/p>\n<p>El \u00fanico objeto de los enlaces es proporcionar al Usuario la posibilidad de acceder a dichos enlaces.<\/p>\n<p>ABSOLUT CONSULTING no se responsabiliza en ning\u00fan caso de los resultados que puedan derivarse al Usuario por acceso a dichos enlaces.<\/p>\n<p>Asimismo, el usuario encontrar\u00e1 dentro de este sitio, p\u00e1ginas, promociones, programas de afiliados que acceden a los h\u00e1bitos de navegaci\u00f3n de los usuarios para establecer perfiles. Esta informaci\u00f3n siempre es an\u00f3nima y no se identifica al usuario.<\/p>\n<p>La Informaci\u00f3n que se proporcione en estos Sitios patrocinados o enlaces de afiliados est\u00e1 sujeta a las pol\u00edticas de privacidad que se utilicen en dichos Sitios y no estar\u00e1 sujeta a esta pol\u00edtica de privacidad. Por lo que recomendamos ampliamente a los Usuarios a revisar detalladamente las pol\u00edticas de privacidad de los enlaces de afiliado.<\/p>\n<p>\u00a0<\/p>\n<h3>Pol\u00edtica de comentarios<\/h3>\n<p>En nuestra web se permiten realizar comentarios para enriquecer los contenidos y realizar consultas.<\/p>\n<p>No se admitir\u00e1n comentarios que no est\u00e9n relacionados con la tem\u00e1tica de esta web, que incluyan difamaciones, agravios, insultos, ataques personales o faltas de respeto en general hacia el autor o hacia otros miembros.<\/p>\n<p>Tambi\u00e9n ser\u00e1n suprimidos los comentarios que contengan informaci\u00f3n que sea obviamente enga\u00f1osa o falsa, as\u00ed como los comentarios que contengan informaci\u00f3n personal, como, por ejemplo, domicilios privado o tel\u00e9fonos y que vulneren nuestra pol\u00edtica de protecci\u00f3n de datos.<\/p>\n<p>Se desestimar\u00e1, igualmente, aquellos comentarios creados s\u00f3lo con fines promocionales de una web, persona o colectivo y todo lo que pueda ser considerado spam en general.<\/p>\n<p>\u00a0<\/p>\n<h3>Exclusi\u00f3n de garant\u00edas y responsabilidades<\/h3>\n<p>ABSOLUT CONSULTING no otorga ninguna garant\u00eda ni se hace responsable, en ning\u00fan caso, de los da\u00f1os y perjuicios de cualquier naturaleza que pudieran traer causa de:<\/p>\n<p>\u2013 La falta de disponibilidad, mantenimiento y efectivo funcionamiento de la web, o de sus servicios y contenidos;<\/p>\n<p>\u2013 La existencia de virus, programas maliciosos o lesivos en los contenidos;<\/p>\n<p>\u2013 El uso il\u00edcito, negligente, fraudulento o contrario a este Aviso Legal;<\/p>\n<p>\u2013 La falta de licitud, calidad, fiabilidad, utilidad y disponibilidad de los servicios prestados por terceros y puestos a disposici\u00f3n de los usuarios en el sitio web.<\/p>\n<p>\u2013 ABSOLUT CONSULTING no se hace responsable bajo ning\u00fan concepto de los da\u00f1os que pudieran dimanar del uso ilegal o indebido de la presente p\u00e1gina web.<\/p>\n<h4><\/h4>\n<h3>Kontakt<\/h3>\n<p>En caso de que cualquier Usuario tuviese alguna duda acerca de estas Condiciones legales o cualquier comentario sobre el absolutconsulting.es por favor dir\u00edjase a info@absolutconsulting.es<\/p>\n\n\t\t<\/div>\n\t<\/div>\n<\/div><\/div><\/div><\/div><\/div><div class=\"clearfix\"><\/div><\/section>","protected":false},"excerpt":{"rendered":"En este espacio, el USUARIO, podr\u00e1 encontrar toda la informaci\u00f3n relativa a los t\u00e9rminos y condiciones legales que definen las relaciones entre los usuarios y nosotros como responsables de esta web. Como usuario, es importante que conozcas estos t\u00e9rminos antes de continuar tu navegaci\u00f3n. ABSOLUT CONSULTING como responsable de esta web, asume el compromiso de [...]","protected":false},"author":1,"featured_media":0,"parent":0,"menu_order":0,"comment_status":"closed","ping_status":"closed","template":"page-templates\/template-fullwidth.php","meta":{"_mbp_gutenberg_autopost":false,"footnotes":""},"yoast_head":"<!-- This site is optimized with the Yoast SEO plugin v16.5 - https:\/\/yoast.com\/wordpress\/plugins\/seo\/ -->\n<title>Aviso legal - AbsolutConsulting<\/title>\n<meta name=\"robots\" content=\"noindex, nofollow\" \/>\n<meta property=\"og:locale\" content=\"de_DE\" \/>\n<meta property=\"og:type\" content=\"article\" \/>\n<meta property=\"og:title\" content=\"Aviso legal - AbsolutConsulting\" \/>\n<meta property=\"og:url\" content=\"https:\/\/www.absolutconsulting.es\/de\/aviso-legal\/\" \/>\n<meta property=\"og:site_name\" content=\"AbsolutConsulting\" \/>\n<meta property=\"article:modified_time\" content=\"2020-11-29T11:39:12+00:00\" \/>\n<meta name=\"twitter:card\" content=\"summary\" \/>\n<meta name=\"twitter:label1\" content=\"Gesch\u00e4tzte Lesezeit\" \/>\n\t<meta name=\"twitter:data1\" content=\"7\u00a0Minuten\" \/>\n<script type=\"application\/ld+json\" class=\"yoast-schema-graph\">{\"@context\":\"https:\/\/schema.org\",\"@graph\":[{\"@type\":\"WebSite\",\"@id\":\"https:\/\/www.absolutconsulting.es\/#website\",\"url\":\"https:\/\/www.absolutconsulting.es\/\",\"name\":\"AbsolutConsulting\",\"description\":\"Consultor\\u00eda Estrat\\u00e9gica y Marketing Digital\",\"potentialAction\":[{\"@type\":\"SearchAction\",\"target\":\"https:\/\/www.absolutconsulting.es\/?s={search_term_string}\",\"query-input\":\"required name=search_term_string\"}],\"inLanguage\":\"de\"},{\"@type\":\"WebPage\",\"@id\":\"https:\/\/www.absolutconsulting.es\/aviso-legal\/#webpage\",\"url\":\"https:\/\/www.absolutconsulting.es\/aviso-legal\/\",\"name\":\"Aviso legal - AbsolutConsulting\",\"isPartOf\":{\"@id\":\"https:\/\/www.absolutconsulting.es\/#website\"},\"datePublished\":\"2020-11-21T16:45:36+00:00\",\"dateModified\":\"2020-11-29T11:39:12+00:00\",\"breadcrumb\":{\"@id\":\"https:\/\/www.absolutconsulting.es\/aviso-legal\/#breadcrumb\"},\"inLanguage\":\"de\",\"potentialAction\":[{\"@type\":\"ReadAction\",\"target\":[\"https:\/\/www.absolutconsulting.es\/aviso-legal\/\"]}]},{\"@type\":\"BreadcrumbList\",\"@id\":\"https:\/\/www.absolutconsulting.es\/aviso-legal\/#breadcrumb\",\"itemListElement\":[{\"@type\":\"ListItem\",\"position\":1,\"name\":\"Portada\",\"item\":\"https:\/\/www.absolutconsulting.es\/\"},{\"@type\":\"ListItem\",\"position\":2,\"name\":\"Aviso legal\"}]}]}<\/script>\n<!-- \/ Yoast SEO plugin. -->","_links":{"self":[{"href":"https:\/\/www.absolutconsulting.es\/de\/wp-json\/wp\/v2\/pages\/1553"}],"collection":[{"href":"https:\/\/www.absolutconsulting.es\/de\/wp-json\/wp\/v2\/pages"}],"about":[{"href":"https:\/\/www.absolutconsulting.es\/de\/wp-json\/wp\/v2\/types\/page"}],"author":[{"embeddable":true,"href":"https:\/\/www.absolutconsulting.es\/de\/wp-json\/wp\/v2\/users\/1"}],"replies":[{"embeddable":true,"href":"https:\/\/www.absolutconsulting.es\/de\/wp-json\/wp\/v2\/comments?post=1553"}],"version-history":[{"count":4,"href":"https:\/\/www.absolutconsulting.es\/de\/wp-json\/wp\/v2\/pages\/1553\/revisions"}],"predecessor-version":[{"id":1938,"href":"https:\/\/www.absolutconsulting.es\/de\/wp-json\/wp\/v2\/pages\/1553\/revisions\/1938"}],"wp:attachment":[{"href":"https:\/\/www.absolutconsulting.es\/de\/wp-json\/wp\/v2\/media?parent=1553"}],"curies":[{"name":"wp","href":"https:\/\/api.w.org\/{rel}","templated":true}]}}