{"id":2466,"date":"2024-10-07T14:45:36","date_gmt":"2024-10-07T14:45:36","guid":{"rendered":"https:\/\/www.absolutconsulting.es\/?page_id=2466"},"modified":"2026-05-09T17:00:30","modified_gmt":"2026-05-09T17:00:30","slug":"consultoria-para-empresas-de-lujo","status":"publish","type":"page","link":"https:\/\/www.absolutconsulting.es\/de\/consultoria-para-empresas-de-lujo\/","title":{"rendered":"Luxus und Premium-Sektor"},"content":{"rendered":"<section class=\"vc_row wpb_row vc_row-fluid\"><div class=\"container\"><div class=\"row\"><div class=\"wpb_column vc_column_container vc_col-sm-6\"><div class=\"vc_column-inner\"><div class=\"wpb_wrapper\">\n\t<div  class=\"wpb_single_image wpb_content_element vc_align_left\">\n\t\t\n\t\t<figure class=\"wpb_wrapper vc_figure\">\n\t\t\t<div class=\"vc_single_image-wrapper   vc_box_border_grey\"><img loading=\"lazy\" decoding=\"async\" width=\"1000\" height=\"667\" src=\"https:\/\/www.absolutconsulting.es\/wp-content\/uploads\/2024\/10\/g.jpg\" class=\"vc_single_image-img attachment-full\" alt=\"Jean-Marc Alma-Charlery\" srcset=\"https:\/\/www.absolutconsulting.es\/wp-content\/uploads\/2024\/10\/g.jpg 1000w, https:\/\/www.absolutconsulting.es\/wp-content\/uploads\/2024\/10\/g-300x200.jpg 300w, https:\/\/www.absolutconsulting.es\/wp-content\/uploads\/2024\/10\/g-768x512.jpg 768w\" sizes=\"(max-width: 1000px) 100vw, 1000px\" \/><\/div>\n\t\t<\/figure>\n\t<\/div>\n<\/div><\/div><\/div><div class=\"wpb_column vc_column_container vc_col-sm-6\"><div class=\"vc_column-inner vc_custom_1608389808070\"><div class=\"wpb_wrapper\"><h2 style=\"color: #78d4c1;text-align: left\" class=\"vc_custom_heading\" >POSICIONAMIENTO ESTRAT\u00c9GICO - UNIVERSO LUJO Y PREMIUM<\/h2><div class=\"vc_empty_space\"   style=\"height: 20px\"><span class=\"vc_empty_space_inner\"><\/span><\/div>\n\t<div class=\"wpb_text_column wpb_content_element\" >\n\t\t<div class=\"wpb_wrapper\">\n\t\t\t<p style=\"text-align: justify;\" data-start=\"954\" data-end=\"1162\">El sector premium y el universo del lujo funcionan sobre din\u00e1micas empresariales espec\u00edficas donde posicionamiento, percepci\u00f3n, legitimidad y construcci\u00f3n de valor adquieren una dimensi\u00f3n estrat\u00e9gica central.<\/p>\n<p style=\"text-align: justify;\" data-start=\"1164\" data-end=\"1513\">Trabajamos sobre desarrollo de marca, expansi\u00f3n, posicionamiento estrat\u00e9gico, ecosistemas comerciales y comprensi\u00f3n de los c\u00f3digos que estructuran los mercados premium. Analizamos comportamiento de consumidores, estructuras de distribuci\u00f3n y din\u00e1micas competitivas para ayudar a construir modelos coherentes con el universo de valor de cada empresa.<\/p>\n\n\t\t<\/div>\n\t<\/div>\n<\/div><\/div><\/div><\/div><\/div><div class=\"clearfix\"><\/div><\/section><section class=\"vc_row wpb_row vc_row-fluid\"><div class=\"container\"><div class=\"row\"><div class=\"wpb_column vc_column_container vc_col-sm-12\"><div class=\"vc_column-inner\"><div class=\"wpb_wrapper\"><div class=\"vc_tta-container\" data-vc-action=\"collapse\"><div class=\"vc_general vc_tta vc_tta-tabs vc_tta-color-grey vc_tta-style-classic vc_tta-shape-rounded vc_tta-spacing-1 vc_tta-tabs-position-top vc_tta-controls-align-left\"><div class=\"vc_tta-tabs-container\"><ul class=\"vc_tta-tabs-list\"><li class=\"vc_tta-tab vc_active\" data-vc-tab><a href=\"#1606268356178-b4ea71a2-2d9d\" data-vc-tabs data-vc-container=\".vc_tta\"><span class=\"vc_tta-title-text\">POSICIONAMIENTO ESTRAT\u00c9GICO PREMIUM<\/span><\/a><\/li><li class=\"vc_tta-tab\" data-vc-tab><a href=\"#1606268356206-60e3aa26-cf1c\" data-vc-tabs data-vc-container=\".vc_tta\"><span class=\"vc_tta-title-text\">DESARROLLO Y EXPANSI\u00d3N DE MARCA<\/span><\/a><\/li><li class=\"vc_tta-tab\" data-vc-tab><a href=\"#1606268627935-8e14e8f4-fb3d\" data-vc-tabs data-vc-container=\".vc_tta\"><span class=\"vc_tta-title-text\">ECOSISTEMAS COMERCIALES<\/span><\/a><\/li><li class=\"vc_tta-tab\" data-vc-tab><a href=\"#1606269043298-ba37d25c-c263\" data-vc-tabs data-vc-container=\".vc_tta\"><span class=\"vc_tta-title-text\">Wertsch\u00f6pfung und Luxussierung<\/span><\/a><\/li><\/ul><\/div><div class=\"vc_tta-panels-container\"><div class=\"vc_tta-panels\"><div class=\"vc_tta-panel vc_active\" id=\"1606268356178-b4ea71a2-2d9d\" data-vc-content=\".vc_tta-panel-body\"><div class=\"vc_tta-panel-heading\"><h4 class=\"vc_tta-panel-title\"><a href=\"#1606268356178-b4ea71a2-2d9d\" data-vc-accordion data-vc-container=\".vc_tta-container\"><span class=\"vc_tta-title-text\">POSICIONAMIENTO ESTRAT\u00c9GICO PREMIUM<\/span><\/a><\/h4><\/div><div class=\"vc_tta-panel-body\">\n\t<div class=\"wpb_text_column wpb_content_element\" >\n\t\t<div class=\"wpb_wrapper\">\n\t\t\t<h4 style=\"text-align: justify;\">Realizamos una exhaustiva\u00a0auditor\u00eda\u00a0para detectar las\u00a0necesidades\u00a0y establecer los\u00a0objetivos\u00a0a alcanzar a trav\u00e9s de un\u00a0plan estrat\u00e9gico.<\/h4>\n<h4 style=\"text-align: justify;\">Nuestros procesos de gesti\u00f3n y an\u00e1lisis est\u00e1n orientados a incrementar el rendimiento y dinamizar el desarrollo del negocio. Para ello te proponemos:<\/h4>\n<ul>\n<li>\n<h4 style=\"text-align: justify;\">Benchmark y an\u00e1lisis del rendimiento del mercado.<\/h4>\n<\/li>\n<li>\n<h4>Identificaci\u00f3n de los elementos de valor.<\/h4>\n<\/li>\n<li>\n<h4>Definici\u00f3n de indicadores, objetivos, disciplinas y herramientas a emplear.<\/h4>\n<\/li>\n<li>\n<h4>Creaci\u00f3n de un <em>roadmap<\/em> estrat\u00e9gico.<\/h4>\n<\/li>\n<\/ul>\n\n\t\t<\/div>\n\t<\/div>\n<\/div><\/div><div class=\"vc_tta-panel\" id=\"1606268356206-60e3aa26-cf1c\" data-vc-content=\".vc_tta-panel-body\"><div class=\"vc_tta-panel-heading\"><h4 class=\"vc_tta-panel-title\"><a href=\"#1606268356206-60e3aa26-cf1c\" data-vc-accordion data-vc-container=\".vc_tta-container\"><span class=\"vc_tta-title-text\">DESARROLLO Y EXPANSI\u00d3N DE MARCA<\/span><\/a><\/h4><\/div><div class=\"vc_tta-panel-body\">\n\t<div class=\"wpb_text_column wpb_content_element\" >\n\t\t<div class=\"wpb_wrapper\">\n\t\t\t<p style=\"text-align: justify;\" data-start=\"789\" data-end=\"1049\">El desarrollo de una marca premium requiere una estructura capaz de combinar identidad, crecimiento y coherencia estrat\u00e9gica. Analizamos oportunidades de expansi\u00f3n, evoluci\u00f3n de marca y adaptaci\u00f3n a nuevos mercados para construir modelos s\u00f3lidos y sostenibles.<\/p>\n<p style=\"text-align: justify;\" data-start=\"1051\" data-end=\"1206\">La expansi\u00f3n dentro del sector premium depende tanto de la capacidad comercial como de la preservaci\u00f3n de los c\u00f3digos que sostienen la percepci\u00f3n de valor.<\/p>\n<p data-start=\"1208\" data-end=\"1393\">\u2022 DESARROLLO ESTRAT\u00c9GICO DE MARCA<br data-start=\"1241\" data-end=\"1244\" \/>\u2022 EXPANSI\u00d3N NACIONAL E INTERNACIONAL<br data-start=\"1280\" data-end=\"1283\" \/>\u2022 EVOLUCI\u00d3N Y CONSOLIDACI\u00d3N DE MARCA<br data-start=\"1319\" data-end=\"1322\" \/>\u2022 ADAPTACI\u00d3N A NUEVOS MERCADOS<br data-start=\"1352\" data-end=\"1355\" \/>\u2022 CRECIMIENTO Y COHERENCIA ESTRAT\u00c9GICA<\/p>\n\n\t\t<\/div>\n\t<\/div>\n<\/div><\/div><div class=\"vc_tta-panel\" id=\"1606268627935-8e14e8f4-fb3d\" data-vc-content=\".vc_tta-panel-body\"><div class=\"vc_tta-panel-heading\"><h4 class=\"vc_tta-panel-title\"><a href=\"#1606268627935-8e14e8f4-fb3d\" data-vc-accordion data-vc-container=\".vc_tta-container\"><span class=\"vc_tta-title-text\">ECOSISTEMAS COMERCIALES<\/span><\/a><\/h4><\/div><div class=\"vc_tta-panel-body\">\n\t<div class=\"wpb_text_column wpb_content_element\" >\n\t\t<div class=\"wpb_wrapper\">\n\t\t\t<p style=\"text-align: justify;\" data-start=\"1444\" data-end=\"1675\">La distribuci\u00f3n forma parte de la construcci\u00f3n de valor dentro del universo premium. El canal elegido, el entorno comercial y la estructura de distribuci\u00f3n condicionan la percepci\u00f3n, el posicionamiento y la legitimidad de la marca.<\/p>\n<p style=\"text-align: justify;\" data-start=\"1677\" data-end=\"1864\">Trabajamos sobre marketplaces, retail, distribuci\u00f3n selectiva y ecosistemas comerciales orientados a reforzar la coherencia estrat\u00e9gica y la presencia de marca dentro de mercados premium.<\/p>\n<p data-start=\"1866\" data-end=\"2053\">\u2022 ESTRUCTURAS DE DISTRIBUCI\u00d3N PREMIUM<br data-start=\"1903\" data-end=\"1906\" \/>\u2022 MARKETPLACES Y CANALES SELECTIVOS<br data-start=\"1941\" data-end=\"1944\" \/>\u2022 ECOSISTEMAS COMERCIALES Y RETAIL<br data-start=\"1978\" data-end=\"1981\" \/>\u2022 POSICIONAMIENTO EN ENTORNOS PREMIUM<br data-start=\"2018\" data-end=\"2021\" \/>\u2022 DESARROLLO DE CANALES DE VALOR<\/p>\n\n\t\t<\/div>\n\t<\/div>\n<\/div><\/div><div class=\"vc_tta-panel\" id=\"1606269043298-ba37d25c-c263\" data-vc-content=\".vc_tta-panel-body\"><div class=\"vc_tta-panel-heading\"><h4 class=\"vc_tta-panel-title\"><a href=\"#1606269043298-ba37d25c-c263\" data-vc-accordion data-vc-container=\".vc_tta-container\"><span class=\"vc_tta-title-text\">Wertsch\u00f6pfung und Luxussierung<\/span><\/a><\/h4><\/div><div class=\"vc_tta-panel-body\">\n\t<div class=\"wpb_text_column wpb_content_element\" >\n\t\t<div class=\"wpb_wrapper\">\n\t\t\t<p style=\"text-align: justify;\" data-start=\"2110\" data-end=\"2438\">La luxurizaci\u00f3n transforma productos, servicios y marcas mediante procesos de construcci\u00f3n simb\u00f3lica, percepci\u00f3n de valor y posicionamiento estrat\u00e9gico. El valor premium no depende \u00fanicamente del precio o del dise\u00f1o, sino de la capacidad de construir legitimidad, diferenciaci\u00f3n y coherencia dentro de un ecosistema determinado.<\/p>\n<p style=\"text-align: justify;\" data-start=\"2440\" data-end=\"2734\">En Absolut Consulting analizamos procesos de creaci\u00f3n de valor orientados al desarrollo premium, estudiando identidad de marca, percepci\u00f3n de consumidores, narrativa empresarial y estructuras de posicionamiento capaces de reforzar la singularidad y la capacidad de diferenciaci\u00f3n de la empresa.<\/p>\n<p data-start=\"2736\" data-end=\"2929\" data-is-last-node=\"\" data-is-only-node=\"\">\u2022 CREACI\u00d3N DE VALOR PREMIUM<br data-start=\"2763\" data-end=\"2766\" \/>\u2022 PROCESOS DE LUXURIZACI\u00d3N<br data-start=\"2792\" data-end=\"2795\" \/>\u2022 CONSTRUCCI\u00d3N DE LEGITIMIDAD Y PERCEPCI\u00d3N<br data-start=\"2837\" data-end=\"2840\" \/>\u2022 NARRATIVA Y POSICIONAMIENTO DE MARCA<br data-start=\"2878\" data-end=\"2881\" \/>\u2022 DIFERENCIACI\u00d3N ESTRAT\u00c9GICA EN MERCADOS PREMIUM<\/p>\n\n\t\t<\/div>\n\t<\/div>\n<\/div><\/div><\/div><\/div><\/div><\/div><\/div><\/div><\/div><\/div><\/div><div class=\"clearfix\"><\/div><\/section><section class=\"vc_row wpb_row vc_row-fluid vc_custom_1608379003077 vc_row-has-fill\"><div class=\"container\"><div class=\"row\"><div class=\"wpb_column vc_column_container vc_col-sm-12\"><div class=\"vc_column-inner\"><div class=\"wpb_wrapper\">\n\t\t\t<div class=\"call1 call-action\">\n\t\t\t<h3><\/h3>\n\t\t\t<p><\/p>\n<h3>\u00a1ESTO ME GUSTA! QUIERO SABER MUCHO M\u00c1S\u2026<\/h3>\n<p><\/p>\t\t\t<a class=\"ot-btn btn-main-color btn-rounded text-up white-text\" href=\"https:\/\/www.absolutconsulting.es\/contacto\/\" target=\"_self\">Contactar<\/a>\t\t<\/div>\n\t\n<\/div><\/div><\/div><\/div><\/div><div class=\"clearfix\"><\/div><\/section>","protected":false},"excerpt":{"rendered":"POSICIONAMIENTO ESTRAT\u00c9GICO - UNIVERSO LUJO Y PREMIUM El sector premium y el universo del lujo funcionan sobre din\u00e1micas empresariales espec\u00edficas donde posicionamiento, percepci\u00f3n, legitimidad y construcci\u00f3n de valor adquieren una dimensi\u00f3n estrat\u00e9gica central. Trabajamos sobre desarrollo de marca, expansi\u00f3n, posicionamiento estrat\u00e9gico, ecosistemas comerciales y comprensi\u00f3n de los c\u00f3digos que estructuran los mercados premium. Analizamos comportamiento [...]","protected":false},"author":1,"featured_media":0,"parent":0,"menu_order":0,"comment_status":"closed","ping_status":"closed","template":"page-templates\/template-fullwidth.php","meta":{"_mbp_gutenberg_autopost":false,"footnotes":""},"yoast_head":"<!-- This site is optimized with the Yoast SEO plugin v16.5 - https:\/\/yoast.com\/wordpress\/plugins\/seo\/ -->\n<title>Lujo y Sector Premium - AbsolutConsulting<\/title>\n<meta name=\"description\" content=\"Somos expertos en empresas de lujo y de productos de alta gama. Nuestro servicio se centran en mejorar el valor y la distribuci\u00f3n\" \/>\n<meta name=\"robots\" content=\"index, follow, max-snippet:-1, max-image-preview:large, max-video-preview:-1\" \/>\n<link rel=\"canonical\" href=\"https:\/\/www.absolutconsulting.es\/de\/consultoria-para-empresas-de-lujo\/\" \/>\n<meta property=\"og:locale\" content=\"de_DE\" \/>\n<meta property=\"og:type\" content=\"article\" \/>\n<meta property=\"og:title\" content=\"Lujo y Sector Premium - AbsolutConsulting\" \/>\n<meta property=\"og:description\" content=\"Somos expertos en empresas de lujo y de productos de alta gama. Nuestro servicio se centran en mejorar el valor y la distribuci\u00f3n\" \/>\n<meta property=\"og:url\" content=\"https:\/\/www.absolutconsulting.es\/de\/consultoria-para-empresas-de-lujo\/\" \/>\n<meta property=\"og:site_name\" content=\"AbsolutConsulting\" \/>\n<meta property=\"article:modified_time\" content=\"2026-05-09T17:00:30+00:00\" \/>\n<meta name=\"twitter:card\" content=\"summary\" \/>\n<meta name=\"twitter:label1\" content=\"Gesch\u00e4tzte Lesezeit\" \/>\n\t<meta name=\"twitter:data1\" content=\"4\u00a0Minuten\" \/>\n<script type=\"application\/ld+json\" class=\"yoast-schema-graph\">{\"@context\":\"https:\/\/schema.org\",\"@graph\":[{\"@type\":\"WebSite\",\"@id\":\"https:\/\/www.absolutconsulting.es\/#website\",\"url\":\"https:\/\/www.absolutconsulting.es\/\",\"name\":\"AbsolutConsulting\",\"description\":\"Consultor\\u00eda Estrat\\u00e9gica y Marketing Digital\",\"potentialAction\":[{\"@type\":\"SearchAction\",\"target\":\"https:\/\/www.absolutconsulting.es\/?s={search_term_string}\",\"query-input\":\"required name=search_term_string\"}],\"inLanguage\":\"de\"},{\"@type\":\"WebPage\",\"@id\":\"https:\/\/www.absolutconsulting.es\/consultoria-para-empresas-de-lujo\/#webpage\",\"url\":\"https:\/\/www.absolutconsulting.es\/consultoria-para-empresas-de-lujo\/\",\"name\":\"Lujo y Sector Premium - AbsolutConsulting\",\"isPartOf\":{\"@id\":\"https:\/\/www.absolutconsulting.es\/#website\"},\"datePublished\":\"2024-10-07T14:45:36+00:00\",\"dateModified\":\"2026-05-09T17:00:30+00:00\",\"description\":\"Somos expertos en empresas de lujo y de productos de alta gama. Nuestro servicio se centran en mejorar el valor y la distribuci\\u00f3n\",\"breadcrumb\":{\"@id\":\"https:\/\/www.absolutconsulting.es\/consultoria-para-empresas-de-lujo\/#breadcrumb\"},\"inLanguage\":\"de\",\"potentialAction\":[{\"@type\":\"ReadAction\",\"target\":[\"https:\/\/www.absolutconsulting.es\/consultoria-para-empresas-de-lujo\/\"]}]},{\"@type\":\"BreadcrumbList\",\"@id\":\"https:\/\/www.absolutconsulting.es\/consultoria-para-empresas-de-lujo\/#breadcrumb\",\"itemListElement\":[{\"@type\":\"ListItem\",\"position\":1,\"name\":\"Portada\",\"item\":\"https:\/\/www.absolutconsulting.es\/\"},{\"@type\":\"ListItem\",\"position\":2,\"name\":\"Lujo y Sector Premium\"}]}]}<\/script>\n<!-- \/ Yoast SEO plugin. -->","_links":{"self":[{"href":"https:\/\/www.absolutconsulting.es\/de\/wp-json\/wp\/v2\/pages\/2466"}],"collection":[{"href":"https:\/\/www.absolutconsulting.es\/de\/wp-json\/wp\/v2\/pages"}],"about":[{"href":"https:\/\/www.absolutconsulting.es\/de\/wp-json\/wp\/v2\/types\/page"}],"author":[{"embeddable":true,"href":"https:\/\/www.absolutconsulting.es\/de\/wp-json\/wp\/v2\/users\/1"}],"replies":[{"embeddable":true,"href":"https:\/\/www.absolutconsulting.es\/de\/wp-json\/wp\/v2\/comments?post=2466"}],"version-history":[{"count":8,"href":"https:\/\/www.absolutconsulting.es\/de\/wp-json\/wp\/v2\/pages\/2466\/revisions"}],"predecessor-version":[{"id":2575,"href":"https:\/\/www.absolutconsulting.es\/de\/wp-json\/wp\/v2\/pages\/2466\/revisions\/2575"}],"wp:attachment":[{"href":"https:\/\/www.absolutconsulting.es\/de\/wp-json\/wp\/v2\/media?parent=2466"}],"curies":[{"name":"wp","href":"https:\/\/api.w.org\/{rel}","templated":true}]}}