{"id":412,"date":"2016-10-11T10:15:02","date_gmt":"2016-10-11T10:15:02","guid":{"rendered":"http:\/\/localhost\/dotted\/?page_id=412"},"modified":"2020-12-19T14:41:07","modified_gmt":"2020-12-19T14:41:07","slug":"servicios","status":"publish","type":"page","link":"https:\/\/www.absolutconsulting.es\/de\/servicios\/","title":{"rendered":"Dienste"},"content":{"rendered":"<section class=\"vc_row wpb_row vc_row-fluid\"><div class=\"container\"><div class=\"row\"><div class=\"wpb_column vc_column_container vc_col-sm-4\"><div class=\"vc_column-inner\"><div class=\"wpb_wrapper\">\n\t<div  class=\"wpb_single_image wpb_content_element vc_align_left\">\n\t\t\n\t\t<figure class=\"wpb_wrapper vc_figure\">\n\t\t\t<div class=\"vc_single_image-wrapper   vc_box_border_grey\"><img loading=\"lazy\" decoding=\"async\" width=\"740\" height=\"460\" src=\"https:\/\/www.absolutconsulting.es\/wp-content\/uploads\/2020\/11\/domore_servicios.jpg\" class=\"vc_single_image-img attachment-full\" alt=\"\" srcset=\"https:\/\/www.absolutconsulting.es\/wp-content\/uploads\/2020\/11\/domore_servicios.jpg 740w, https:\/\/www.absolutconsulting.es\/wp-content\/uploads\/2020\/11\/domore_servicios-300x186.jpg 300w\" sizes=\"(max-width: 740px) 100vw, 740px\" \/><\/div>\n\t\t<\/figure>\n\t<\/div>\n\n\t<div class=\"wpb_text_column wpb_content_element  service-box\" >\n\t\t<div class=\"wpb_wrapper\">\n\t\t\t<h3>Unternehmensl\u00f6sungen<\/h3>\n<p>Bei Absolut Consulting konzentrieren wir uns darauf, die Aktivit\u00e4t Ihres Unternehmens zu vereinfachen und zu optimieren: Kosten senken, Strukturen flexibilisieren, Prozesse verbessern, Produkte und Dienstleistungen aktualisieren und deren Vermarktung optimieren.<\/p>\n\n\t\t<\/div>\n\t<\/div>\n<div class=\"vc_empty_space\"   style=\"height: 32px\"><span class=\"vc_empty_space_inner\"><\/span><\/div><div class=\"vc_btn3-container vc_btn3-inline\" ><a style=\"background-color:#78d4c1; color:#ffffff;\" class=\"vc_general vc_btn3 vc_btn3-size-md vc_btn3-shape-rounded vc_btn3-style-custom\" href=\"https:\/\/www.absolutconsulting.es\/soluciones-empresariales\/\" title=\"Ich m\u00f6chte mehr wissen...\" target=\"_blank\">Ich m\u00f6chte mehr wissen...<\/a><\/div><\/div><\/div><\/div><div class=\"wpb_column vc_column_container vc_col-sm-4\"><div class=\"vc_column-inner\"><div class=\"wpb_wrapper\">\n\t<div  class=\"wpb_single_image wpb_content_element vc_align_left\">\n\t\t\n\t\t<figure class=\"wpb_wrapper vc_figure\">\n\t\t\t<div class=\"vc_single_image-wrapper   vc_box_border_grey\"><img loading=\"lazy\" decoding=\"async\" width=\"740\" height=\"460\" src=\"https:\/\/www.absolutconsulting.es\/wp-content\/uploads\/2020\/11\/branding-servicios.jpg\" class=\"vc_single_image-img attachment-full\" alt=\"\" srcset=\"https:\/\/www.absolutconsulting.es\/wp-content\/uploads\/2020\/11\/branding-servicios.jpg 740w, https:\/\/www.absolutconsulting.es\/wp-content\/uploads\/2020\/11\/branding-servicios-300x186.jpg 300w\" sizes=\"(max-width: 740px) 100vw, 740px\" \/><\/div>\n\t\t<\/figure>\n\t<\/div>\n\n\t<div class=\"wpb_text_column wpb_content_element  service-box\" >\n\t\t<div class=\"wpb_wrapper\">\n\t\t\t<h3>Branding und Design<\/h3>\n<p>Die Erstellung und Entwicklung der Marke ist von gr\u00f6\u00dfter Bedeutung. Durch ein Set verbundener Elemente muss Ihr Unternehmen die immateriellen Werte des Unternehmens, eine angemessene und koh\u00e4rente Botschaft: seine Pers\u00f6nlichkeit vermitteln.<\/p>\n\n\t\t<\/div>\n\t<\/div>\n<div class=\"vc_empty_space\"   style=\"height: 32px\"><span class=\"vc_empty_space_inner\"><\/span><\/div><div class=\"vc_btn3-container vc_btn3-inline\" ><a style=\"background-color:#78d4c1; color:#ffffff;\" class=\"vc_general vc_btn3 vc_btn3-size-md vc_btn3-shape-rounded vc_btn3-style-custom\" href=\"https:\/\/www.absolutconsulting.es\/branding-y-diseno\/\" title=\"Ich m\u00f6chte mehr wissen...\" target=\"_blank\">Ich m\u00f6chte mehr wissen...<\/a><\/div><\/div><\/div><\/div><div class=\"wpb_column vc_column_container vc_col-sm-4\"><div class=\"vc_column-inner\"><div class=\"wpb_wrapper\">\n\t<div  class=\"wpb_single_image wpb_content_element vc_align_left\">\n\t\t\n\t\t<figure class=\"wpb_wrapper vc_figure\">\n\t\t\t<div class=\"vc_single_image-wrapper   vc_box_border_grey\"><img loading=\"lazy\" decoding=\"async\" width=\"740\" height=\"460\" src=\"https:\/\/www.absolutconsulting.es\/wp-content\/uploads\/2020\/11\/digital-servicios.jpg\" class=\"vc_single_image-img attachment-full\" alt=\"\" srcset=\"https:\/\/www.absolutconsulting.es\/wp-content\/uploads\/2020\/11\/digital-servicios.jpg 740w, https:\/\/www.absolutconsulting.es\/wp-content\/uploads\/2020\/11\/digital-servicios-300x186.jpg 300w\" sizes=\"(max-width: 740px) 100vw, 740px\" \/><\/div>\n\t\t<\/figure>\n\t<\/div>\n\n\t<div class=\"wpb_text_column wpb_content_element  service-box\" >\n\t\t<div class=\"wpb_wrapper\">\n\t\t\t<h3>Digitale Umgebung<\/h3>\n<p>In einer digitalisierten Wirtschaft mit einem globalisierten und hypervernetzten Markt sind flexible Unternehmensstrukturen erforderlich, die sofort und effizient auf die Nachfrage reagieren.<\/p>\n\n\t\t<\/div>\n\t<\/div>\n<div class=\"vc_empty_space\"   style=\"height: 32px\"><span class=\"vc_empty_space_inner\"><\/span><\/div><div class=\"vc_btn3-container vc_btn3-inline\" ><a style=\"background-color:#78d4c1; color:#ffffff;\" class=\"vc_general vc_btn3 vc_btn3-size-md vc_btn3-shape-rounded vc_btn3-style-custom\" href=\"https:\/\/www.absolutconsulting.es\/entorno-digital\/\" title=\"Ich m\u00f6chte mehr wissen...\" target=\"_blank\">Ich m\u00f6chte mehr wissen...<\/a><\/div><\/div><\/div><\/div><\/div><\/div><div class=\"clearfix\"><\/div><\/section><section class=\"vc_row wpb_row vc_row-fluid vc_custom_1608378115282\"><div class=\"container\"><div class=\"row\"><div class=\"wpb_column vc_column_container vc_col-sm-4\"><div class=\"vc_column-inner\"><div class=\"wpb_wrapper\">\n\t<div  class=\"wpb_single_image wpb_content_element vc_align_left\">\n\t\t\n\t\t<figure class=\"wpb_wrapper vc_figure\">\n\t\t\t<div class=\"vc_single_image-wrapper   vc_box_border_grey\"><img loading=\"lazy\" decoding=\"async\" width=\"740\" height=\"460\" src=\"https:\/\/www.absolutconsulting.es\/wp-content\/uploads\/2020\/11\/posicionamiento-servicios.jpg\" class=\"vc_single_image-img attachment-full\" alt=\"\" srcset=\"https:\/\/www.absolutconsulting.es\/wp-content\/uploads\/2020\/11\/posicionamiento-servicios.jpg 740w, https:\/\/www.absolutconsulting.es\/wp-content\/uploads\/2020\/11\/posicionamiento-servicios-300x186.jpg 300w\" sizes=\"(max-width: 740px) 100vw, 740px\" \/><\/div>\n\t\t<\/figure>\n\t<\/div>\n\n\t<div class=\"wpb_text_column wpb_content_element  service-box\" >\n\t\t<div class=\"wpb_wrapper\">\n\t\t\t<h3>Positionierung und Akquise<\/h3>\n<p>Wir st\u00e4rken die Ma\u00dfnahmen, die die Kundengewinnung beg\u00fcnstigen, basierend auf Ihrer Zielgruppe und den von Ihnen angestrebten Zielen. Wir entwickeln eine Strategie, die darauf abzielt, ihre Aufmerksamkeit und ihr Interesse zu gewinnen.<\/p>\n\n\t\t<\/div>\n\t<\/div>\n<div class=\"vc_empty_space\"   style=\"height: 32px\"><span class=\"vc_empty_space_inner\"><\/span><\/div><div class=\"vc_btn3-container vc_btn3-inline\" ><a style=\"background-color:#78d4c1; color:#ffffff;\" class=\"vc_general vc_btn3 vc_btn3-size-md vc_btn3-shape-rounded vc_btn3-style-custom\" href=\"https:\/\/www.absolutconsulting.es\/posicionamiento-y-captacion\/\" title=\"Ich m\u00f6chte mehr wissen...\" target=\"_blank\">Ich m\u00f6chte mehr wissen...<\/a><\/div><\/div><\/div><\/div><div class=\"wpb_column vc_column_container vc_col-sm-4\"><div class=\"vc_column-inner\"><div class=\"wpb_wrapper\">\n\t<div  class=\"wpb_single_image wpb_content_element vc_align_left\">\n\t\t\n\t\t<figure class=\"wpb_wrapper vc_figure\">\n\t\t\t<div class=\"vc_single_image-wrapper   vc_box_border_grey\"><img loading=\"lazy\" decoding=\"async\" width=\"740\" height=\"460\" src=\"https:\/\/www.absolutconsulting.es\/wp-content\/uploads\/2020\/11\/james-pond-1qkyck-UL3g-unsplash-scaled-e1606420447783.jpg\" class=\"vc_single_image-img attachment-full\" alt=\"\" \/><\/div>\n\t\t<\/figure>\n\t<\/div>\n\n\t<div class=\"wpb_text_column wpb_content_element  service-box\" >\n\t\t<div class=\"wpb_wrapper\">\n\t\t\t<h3>Umwandlung<\/h3>\n<p>Wir entwerfen Strategien, die die Konversion kurz-, mittel- und langfristig f\u00f6rdern. Obwohl digitale Ma\u00dfnahmen zur Generierung von Traffic erforderlich sind, besteht das Ziel all dieser Ma\u00dfnahmen darin, dass diese konvertieren, dass sie kaufen.<\/p>\n\n\t\t<\/div>\n\t<\/div>\n<div class=\"vc_empty_space\"   style=\"height: 32px\"><span class=\"vc_empty_space_inner\"><\/span><\/div><div class=\"vc_btn3-container vc_btn3-inline\" ><a style=\"background-color:#78d4c1; color:#ffffff;\" class=\"vc_general vc_btn3 vc_btn3-size-md vc_btn3-shape-rounded vc_btn3-style-custom\" href=\"https:\/\/www.absolutconsulting.es\/conversion\/\" title=\"Ich m\u00f6chte mehr wissen...\" target=\"_blank\">Ich m\u00f6chte mehr wissen...<\/a><\/div><\/div><\/div><\/div><div class=\"wpb_column vc_column_container vc_col-sm-4\"><div class=\"vc_column-inner\"><div class=\"wpb_wrapper\">\n\t<div  class=\"wpb_single_image wpb_content_element vc_align_left\">\n\t\t\n\t\t<figure class=\"wpb_wrapper vc_figure\">\n\t\t\t<div class=\"vc_single_image-wrapper   vc_box_border_grey\"><img loading=\"lazy\" decoding=\"async\" width=\"740\" height=\"460\" src=\"https:\/\/www.absolutconsulting.es\/wp-content\/uploads\/2020\/11\/fidelizacion-servicios.jpg\" class=\"vc_single_image-img attachment-full\" alt=\"\" srcset=\"https:\/\/www.absolutconsulting.es\/wp-content\/uploads\/2020\/11\/fidelizacion-servicios.jpg 740w, https:\/\/www.absolutconsulting.es\/wp-content\/uploads\/2020\/11\/fidelizacion-servicios-300x186.jpg 300w\" sizes=\"(max-width: 740px) 100vw, 740px\" \/><\/div>\n\t\t<\/figure>\n\t<\/div>\n\n\t<div class=\"wpb_text_column wpb_content_element  service-box\" >\n\t\t<div class=\"wpb_wrapper\">\n\t\t\t<h3>Kundenbindung<\/h3>\n<p>Nachdem Sie die Aufmerksamkeit und das Interesse Ihrer Zielgruppe f\u00fcr Ihr Unternehmen geweckt und diese in Konversionen und Verk\u00e4ufe umgewandelt haben, bleibt das Komplexeste: Sie durch Loyalit\u00e4tsaktionen zur\u00fcckzugewinnen.<\/p>\n\n\t\t<\/div>\n\t<\/div>\n<div class=\"vc_empty_space\"   style=\"height: 32px\"><span class=\"vc_empty_space_inner\"><\/span><\/div><div class=\"vc_btn3-container vc_btn3-inline\" ><a style=\"background-color:#78d4c1; color:#ffffff;\" class=\"vc_general vc_btn3 vc_btn3-size-md vc_btn3-shape-rounded vc_btn3-style-custom\" href=\"https:\/\/www.absolutconsulting.es\/fidelizacion\/\" title=\"Ich m\u00f6chte mehr wissen...\" target=\"_blank\">Ich m\u00f6chte mehr wissen...<\/a><\/div><\/div><\/div><\/div><\/div><\/div><div class=\"clearfix\"><\/div><\/section><section class=\"vc_row wpb_row vc_row-fluid vc_custom_1608378975886 vc_row-has-fill\"><div class=\"container\"><div class=\"row\"><div class=\"wpb_column vc_column_container vc_col-sm-12\"><div class=\"vc_column-inner\"><div class=\"wpb_wrapper\">\n\t\t\t<div class=\"call1 call-action\">\n\t\t\t<h3><\/h3>\n\t\t\t<p><\/p>\n<h3 class=\"p1\">Wenn Sie m\u00f6chten, dass Ihr Unternehmen digital w\u00e4chst, innovative Produkte und Dienstleistungen anbieten, Ihre Marke von Ihren Mitbewerbern abhebt, einen Partner haben, der wie Sie denkt, lernen, Ihre eigenen Werkzeuge zu verwalten...<\/h3>\n<p><\/p>\t\t\t<a class=\"ot-btn btn-main-color btn-rounded text-up white-text\" href=\"https:\/\/www.absolutconsulting.es\/contacto\/\" target=\"_self\">FRAGEN SIE UNS JETZT!<\/a>\t\t<\/div>\n\t\n<\/div><\/div><\/div><\/div><\/div><div class=\"clearfix\"><\/div><\/section><section class=\"vc_row wpb_row vc_row-fluid vc_custom_1608378176864\"><div class=\"container\"><div class=\"row\"><div class=\"wpb_column vc_column_container vc_col-sm-4\"><div class=\"vc_column-inner\"><div class=\"wpb_wrapper\">\n\t<div  class=\"wpb_single_image wpb_content_element vc_align_left\">\n\t\t\n\t\t<figure class=\"wpb_wrapper vc_figure\">\n\t\t\t<div class=\"vc_single_image-wrapper   vc_box_border_grey\"><img loading=\"lazy\" decoding=\"async\" width=\"1000\" height=\"583\" src=\"https:\/\/www.absolutconsulting.es\/wp-content\/uploads\/2020\/11\/map.png\" class=\"vc_single_image-img attachment-full\" alt=\"\" srcset=\"https:\/\/www.absolutconsulting.es\/wp-content\/uploads\/2020\/11\/map.png 1000w, https:\/\/www.absolutconsulting.es\/wp-content\/uploads\/2020\/11\/map-300x175.png 300w, https:\/\/www.absolutconsulting.es\/wp-content\/uploads\/2020\/11\/map-768x448.png 768w\" sizes=\"(max-width: 1000px) 100vw, 1000px\" \/><\/div>\n\t\t<\/figure>\n\t<\/div>\n<\/div><\/div><\/div><div class=\"wpb_column vc_column_container vc_col-sm-8\"><div class=\"vc_column-inner\"><div class=\"wpb_wrapper\"><h2 style=\"color: #78d4c1;text-align: left\" class=\"vc_custom_heading vc_custom_1606667946446\" >Weltweit<\/h2>\n\t<div class=\"wpb_text_column wpb_content_element\" >\n\t\t<div class=\"wpb_wrapper\">\n\t\t\t<p>Unser mehrsprachiges Team kann alle internationalen Anforderungen Ihres Unternehmens erf\u00fcllen. Neben Spanisch k\u00f6nnen wir auf zahlreiche zufriedene Kunden in den wichtigsten europ\u00e4ischen M\u00e4rkten Deutschland, Frankreich, Schweiz, \u00d6sterreich und Finnland verweisen.<\/p>\n\n\t\t<\/div>\n\t<\/div>\n<\/div><\/div><\/div><\/div><\/div><div class=\"clearfix\"><\/div><\/section>","protected":false},"excerpt":{"rendered":"Soluciones empresariales En Absolut Consulting nos centramos en simplificar y optimizar la actividad de tu negocio: reducir costes, flexibilizar estructuras, mejorar procesos, actualizar productos y servicios, y optimizar su comercializaci\u00f3n. QUIERO SABER M\u00c1S... Branding y dise\u00f1o La creaci\u00f3n y desarrollo de la marca es primordial. Mediante un conjunto de elementos conectados, tu negocio debe transmitir [...]","protected":false},"author":1,"featured_media":0,"parent":0,"menu_order":0,"comment_status":"closed","ping_status":"closed","template":"page-templates\/template-fullwidth.php","meta":{"_mbp_gutenberg_autopost":false,"footnotes":""},"yoast_head":"<!-- This site is optimized with the Yoast SEO plugin v16.5 - https:\/\/yoast.com\/wordpress\/plugins\/seo\/ -->\n<title>Servicios - AbsolutConsulting<\/title>\n<meta name=\"robots\" content=\"index, follow, max-snippet:-1, max-image-preview:large, max-video-preview:-1\" \/>\n<link rel=\"canonical\" href=\"https:\/\/www.absolutconsulting.es\/de\/servicios\/\" \/>\n<meta property=\"og:locale\" content=\"de_DE\" \/>\n<meta property=\"og:type\" content=\"article\" \/>\n<meta property=\"og:title\" content=\"Servicios - AbsolutConsulting\" \/>\n<meta property=\"og:url\" content=\"https:\/\/www.absolutconsulting.es\/de\/servicios\/\" \/>\n<meta property=\"og:site_name\" content=\"AbsolutConsulting\" \/>\n<meta property=\"article:modified_time\" content=\"2020-12-19T14:41:07+00:00\" \/>\n<meta name=\"twitter:card\" content=\"summary\" \/>\n<meta name=\"twitter:label1\" content=\"Gesch\u00e4tzte Lesezeit\" \/>\n\t<meta name=\"twitter:data1\" content=\"4\u00a0Minuten\" \/>\n<script type=\"application\/ld+json\" class=\"yoast-schema-graph\">{\"@context\":\"https:\/\/schema.org\",\"@graph\":[{\"@type\":\"WebSite\",\"@id\":\"https:\/\/www.absolutconsulting.es\/#website\",\"url\":\"https:\/\/www.absolutconsulting.es\/\",\"name\":\"AbsolutConsulting\",\"description\":\"Consultor\\u00eda Estrat\\u00e9gica y Marketing Digital\",\"potentialAction\":[{\"@type\":\"SearchAction\",\"target\":\"https:\/\/www.absolutconsulting.es\/?s={search_term_string}\",\"query-input\":\"required name=search_term_string\"}],\"inLanguage\":\"de\"},{\"@type\":\"WebPage\",\"@id\":\"https:\/\/www.absolutconsulting.es\/servicios\/#webpage\",\"url\":\"https:\/\/www.absolutconsulting.es\/servicios\/\",\"name\":\"Servicios - AbsolutConsulting\",\"isPartOf\":{\"@id\":\"https:\/\/www.absolutconsulting.es\/#website\"},\"datePublished\":\"2016-10-11T10:15:02+00:00\",\"dateModified\":\"2020-12-19T14:41:07+00:00\",\"breadcrumb\":{\"@id\":\"https:\/\/www.absolutconsulting.es\/servicios\/#breadcrumb\"},\"inLanguage\":\"de\",\"potentialAction\":[{\"@type\":\"ReadAction\",\"target\":[\"https:\/\/www.absolutconsulting.es\/servicios\/\"]}]},{\"@type\":\"BreadcrumbList\",\"@id\":\"https:\/\/www.absolutconsulting.es\/servicios\/#breadcrumb\",\"itemListElement\":[{\"@type\":\"ListItem\",\"position\":1,\"name\":\"Portada\",\"item\":\"https:\/\/www.absolutconsulting.es\/\"},{\"@type\":\"ListItem\",\"position\":2,\"name\":\"Servicios\"}]}]}<\/script>\n<!-- \/ Yoast SEO plugin. -->","_links":{"self":[{"href":"https:\/\/www.absolutconsulting.es\/de\/wp-json\/wp\/v2\/pages\/412"}],"collection":[{"href":"https:\/\/www.absolutconsulting.es\/de\/wp-json\/wp\/v2\/pages"}],"about":[{"href":"https:\/\/www.absolutconsulting.es\/de\/wp-json\/wp\/v2\/types\/page"}],"author":[{"embeddable":true,"href":"https:\/\/www.absolutconsulting.es\/de\/wp-json\/wp\/v2\/users\/1"}],"replies":[{"embeddable":true,"href":"https:\/\/www.absolutconsulting.es\/de\/wp-json\/wp\/v2\/comments?post=412"}],"version-history":[{"count":56,"href":"https:\/\/www.absolutconsulting.es\/de\/wp-json\/wp\/v2\/pages\/412\/revisions"}],"predecessor-version":[{"id":2193,"href":"https:\/\/www.absolutconsulting.es\/de\/wp-json\/wp\/v2\/pages\/412\/revisions\/2193"}],"wp:attachment":[{"href":"https:\/\/www.absolutconsulting.es\/de\/wp-json\/wp\/v2\/media?parent=412"}],"curies":[{"name":"wp","href":"https:\/\/api.w.org\/{rel}","templated":true}]}}