{"id":495,"date":"2016-10-13T03:50:04","date_gmt":"2016-10-13T03:50:04","guid":{"rendered":"http:\/\/localhost\/dotted\/?page_id=495"},"modified":"2026-05-09T16:47:35","modified_gmt":"2026-05-09T16:47:35","slug":"experiencia-y-conocimientos","status":"publish","type":"page","link":"https:\/\/www.absolutconsulting.es\/de\/experiencia-y-conocimientos\/","title":{"rendered":"Erfahrung und Kenntnisse"},"content":{"rendered":"<section class=\"vc_row wpb_row vc_row-fluid\"><div class=\"container\"><div class=\"row\"><div class=\"wpb_column vc_column_container vc_col-sm-8 vc_col-has-fill\"><div class=\"vc_column-inner vc_custom_1606672327042\"><div class=\"wpb_wrapper\"><h2 style=\"color: #78d4c1;text-align: left\" class=\"vc_custom_heading vc_custom_1778345211958\" >COMPRENDER LAS EMPRESAS M\u00c1S ALL\u00c1 DE SU ACTIVIDAD<\/h2>\n\t<div class=\"wpb_text_column wpb_content_element  vc_custom_1778345156454\" >\n\t\t<div class=\"wpb_wrapper\">\n\t\t\t<p data-start=\"52\" data-end=\"247\">Absolut Consulting nace de una aproximaci\u00f3n empresarial orientada a estrategia, inteligencia competitiva y desarrollo de ecosistemas empresariales dentro de entornos nacionales e internacionales.<\/p>\n<p data-start=\"249\" data-end=\"547\">Nuestra actividad combina experiencia operativa, an\u00e1lisis estrat\u00e9gico y comprensi\u00f3n estructural de mercados complejos, participando en proyectos relacionados con empresa familiar, e-commerce, internacionalizaci\u00f3n, posicionamiento premium e inteligencia competitiva aplicada a la toma de decisiones.<\/p>\n<p data-start=\"549\" data-end=\"846\">Trabajamos sobre empresas reales, din\u00e1micas reales y mercados en constante transformaci\u00f3n. Cada organizaci\u00f3n evoluciona dentro de un ecosistema distinto, condicionado por estructuras competitivas, relaciones de poder, cambios tecnol\u00f3gicos, comportamiento de consumidores y capacidad de adaptaci\u00f3n.<\/p>\n<p data-start=\"848\" data-end=\"1079\">La experiencia desarrollada en Espa\u00f1a y Alemania, as\u00ed como en entornos empresariales internacionales, nos permite integrar distintas culturas empresariales, modelos de desarrollo y formas de entender la estrategia y el crecimiento.<\/p>\n<p data-start=\"1081\" data-end=\"1292\">Nuestra aproximaci\u00f3n parte de una idea sencilla: comprender el entorno empresarial permite construir decisiones m\u00e1s coherentes, estructuras m\u00e1s s\u00f3lidas y modelos de crecimiento con mayor capacidad de adaptaci\u00f3n.<\/p>\n\n\t\t<\/div>\n\t<\/div>\n<h3 style=\"color: #78d4c1;text-align: left\" class=\"vc_custom_heading\" >QUEREMOS SER EL SOCIO DE TUS PREOCUPACIONES<\/h3><\/div><\/div><\/div><div class=\"wpb_column vc_column_container vc_col-sm-4\"><div class=\"vc_column-inner\"><div class=\"wpb_wrapper\"><div class=\"vc_empty_space\"   style=\"height: 32px\"><span class=\"vc_empty_space_inner\"><\/span><\/div><h2 style=\"color: #78d4c1;text-align: left\" class=\"vc_custom_heading vc_custom_1606667720274\" >\u00bfPor qu\u00e9?<\/h2><div class=\"vc_tta-container\" data-vc-action=\"collapseAll\"><div class=\"vc_general vc_tta vc_tta-accordion vc_tta-color-grey vc_tta-style-classic vc_tta-shape-square vc_tta-o-shape-group vc_tta-controls-align-left vc_tta-o-all-clickable\"><div class=\"vc_tta-panels-container\"><div class=\"vc_tta-panels\"><div class=\"vc_tta-panel vc_active\" id=\"1476169791561-24254dc4-0e3f\" data-vc-content=\".vc_tta-panel-body\"><div class=\"vc_tta-panel-heading\"><h4 class=\"vc_tta-panel-title\"><a href=\"#1476169791561-24254dc4-0e3f\" data-vc-accordion data-vc-container=\".vc_tta-container\"><span class=\"vc_tta-title-text\">NOS GUSTA EUROPA<\/span><\/a><\/h4><\/div><div class=\"vc_tta-panel-body\">\n\t<div class=\"wpb_text_column wpb_content_element\" >\n\t\t<div class=\"wpb_wrapper\">\n\t\t\t<h4 style=\"text-align: justify;\">Con varios proyectos en Alemania, Francia, Holanda, Suiza, podemos presumir de clientes satisfechos en algunos de los mercados m\u00e1s importantes de Europa. Y, nuestro equipo multiling\u00fce podr\u00e1 satisfacer todas las demandas internacionales.<\/h4>\n\n\t\t<\/div>\n\t<\/div>\n<\/div><\/div><div class=\"vc_tta-panel\" id=\"1476171642647-40d1f953-b0cf\" data-vc-content=\".vc_tta-panel-body\"><div class=\"vc_tta-panel-heading\"><h4 class=\"vc_tta-panel-title\"><a href=\"#1476171642647-40d1f953-b0cf\" data-vc-accordion data-vc-container=\".vc_tta-container\"><span class=\"vc_tta-title-text\">100% DIGITAL<\/span><\/a><\/h4><\/div><div class=\"vc_tta-panel-body\">\n\t<div class=\"wpb_text_column wpb_content_element\" >\n\t\t<div class=\"wpb_wrapper\">\n\t\t\t<h4>Optimizamos todos y cada uno de los procesos de an\u00e1lisis, planificaci\u00f3n, gesti\u00f3n y ejecuci\u00f3n. Lo que nos importa son los resultados.<\/h4>\n\n\t\t<\/div>\n\t<\/div>\n<\/div><\/div><\/div><\/div><\/div><\/div><\/div><\/div><\/div><\/div><\/div><div class=\"clearfix\"><\/div><\/section><section class=\"vc_row wpb_row vc_row-fluid vc_custom_1608385179288 vc_row-has-fill vc_row-o-content-middle vc_row-flex\"><div class=\"container\"><div class=\"row\"><div class=\"wpb_column vc_column_container vc_col-sm-12 vc_col-md-5\"><div class=\"vc_column-inner\"><div class=\"wpb_wrapper\">\n\t<div  class=\"wpb_single_image wpb_content_element vc_align_center  vc_custom_1606688613784\">\n\t\t\n\t\t<figure class=\"wpb_wrapper vc_figure\">\n\t\t\t<div class=\"vc_single_image-wrapper   vc_box_border_grey\"><img loading=\"lazy\" decoding=\"async\" width=\"185\" height=\"250\" src=\"https:\/\/www.absolutconsulting.es\/wp-content\/uploads\/2020\/11\/nosotros-1.png\" class=\"vc_single_image-img attachment-full\" alt=\"\" \/><\/div>\n\t\t<\/figure>\n\t<\/div>\n<\/div><\/div><\/div><div class=\"wpb_column vc_column_container vc_col-sm-12 vc_col-md-7\"><div class=\"vc_column-inner\"><div class=\"wpb_wrapper\"><h2 style=\"color: #78d4c1;text-align: left\" class=\"vc_custom_heading vc_custom_1623406076743\" >Somos especialistas en...<\/h2>\n\t<div class=\"wpb_text_column wpb_content_element  vc_custom_1623406145553\" >\n\t\t<div class=\"wpb_wrapper\">\n\t\t\t<ul class=\"feature\">\n<li>\n<h4><i class=\"fa fa-check-circle color-theme\"><\/i> Gesch\u00e4ftsl\u00f6sungen<\/h4>\n<\/li>\n<li>\n<h4><i class=\"fa fa-check-circle color-theme\"><\/i> BRANDING, DISE\u00d1O Y VISIBILIDAD<\/h4>\n<\/li>\n<li>\n<h4><i class=\"fa fa-check-circle color-theme\"><\/i> ENTORNO DIGITAL<\/h4>\n<\/li>\n<li>\n<h4><i class=\"fa fa-check-circle color-theme\"><\/i>\u00a0POSICIONAMIENTO WEB<\/h4>\n<\/li>\n<li>\n<h4><i class=\"fa fa-check-circle color-theme\"><\/i>\u00a0VIGILANCIA<\/h4>\n<\/li>\n<li>\n<h4><i class=\"fa fa-check-circle color-theme\"><\/i> INTELIGENCIA COMPETITIVA<\/h4>\n<\/li>\n<\/ul>\n\n\t\t<\/div>\n\t<\/div>\n\n    <a class=\"ot-btn ot-ex btn-rounded btn-main-color\" href=\"https:\/\/www.absolutconsulting.es\/servicios\/\" target=\"_blank\">DESC\u00daBRELO TODO<\/a>  \t\n<\/div><\/div><\/div><\/div><\/div><div class=\"clearfix\"><\/div><\/section>","protected":false},"excerpt":{"rendered":"COMPRENDER LAS EMPRESAS M\u00c1S ALL\u00c1 DE SU ACTIVIDAD Absolut Consulting nace de una aproximaci\u00f3n empresarial orientada a estrategia, inteligencia competitiva y desarrollo de ecosistemas empresariales dentro de entornos nacionales e internacionales. Nuestra actividad combina experiencia operativa, an\u00e1lisis estrat\u00e9gico y comprensi\u00f3n estructural de mercados complejos, participando en proyectos relacionados con empresa familiar, e-commerce, internacionalizaci\u00f3n, posicionamiento premium [...]","protected":false},"author":1,"featured_media":0,"parent":0,"menu_order":0,"comment_status":"closed","ping_status":"closed","template":"page-templates\/template-fullwidth.php","meta":{"_mbp_gutenberg_autopost":false,"footnotes":""},"yoast_head":"<!-- This site is optimized with the Yoast SEO plugin v16.5 - https:\/\/yoast.com\/wordpress\/plugins\/seo\/ -->\n<title>Experiencia y Conocimientos - AbsolutConsulting<\/title>\n<meta name=\"robots\" content=\"index, follow, max-snippet:-1, max-image-preview:large, max-video-preview:-1\" \/>\n<link rel=\"canonical\" href=\"https:\/\/www.absolutconsulting.es\/de\/experiencia-y-conocimientos\/\" \/>\n<meta property=\"og:locale\" content=\"de_DE\" \/>\n<meta property=\"og:type\" content=\"article\" \/>\n<meta property=\"og:title\" content=\"Experiencia y Conocimientos - AbsolutConsulting\" \/>\n<meta property=\"og:url\" content=\"https:\/\/www.absolutconsulting.es\/de\/experiencia-y-conocimientos\/\" \/>\n<meta property=\"og:site_name\" content=\"AbsolutConsulting\" \/>\n<meta property=\"article:modified_time\" content=\"2026-05-09T16:47:35+00:00\" \/>\n<meta name=\"twitter:card\" content=\"summary\" \/>\n<meta name=\"twitter:label1\" content=\"Gesch\u00e4tzte Lesezeit\" \/>\n\t<meta name=\"twitter:data1\" content=\"3\u00a0Minuten\" \/>\n<script type=\"application\/ld+json\" class=\"yoast-schema-graph\">{\"@context\":\"https:\/\/schema.org\",\"@graph\":[{\"@type\":\"WebSite\",\"@id\":\"https:\/\/www.absolutconsulting.es\/#website\",\"url\":\"https:\/\/www.absolutconsulting.es\/\",\"name\":\"AbsolutConsulting\",\"description\":\"Consultor\\u00eda Estrat\\u00e9gica y Marketing Digital\",\"potentialAction\":[{\"@type\":\"SearchAction\",\"target\":\"https:\/\/www.absolutconsulting.es\/?s={search_term_string}\",\"query-input\":\"required name=search_term_string\"}],\"inLanguage\":\"de\"},{\"@type\":\"WebPage\",\"@id\":\"https:\/\/www.absolutconsulting.es\/experiencia-y-conocimientos\/#webpage\",\"url\":\"https:\/\/www.absolutconsulting.es\/experiencia-y-conocimientos\/\",\"name\":\"Experiencia y Conocimientos - AbsolutConsulting\",\"isPartOf\":{\"@id\":\"https:\/\/www.absolutconsulting.es\/#website\"},\"datePublished\":\"2016-10-13T03:50:04+00:00\",\"dateModified\":\"2026-05-09T16:47:35+00:00\",\"breadcrumb\":{\"@id\":\"https:\/\/www.absolutconsulting.es\/experiencia-y-conocimientos\/#breadcrumb\"},\"inLanguage\":\"de\",\"potentialAction\":[{\"@type\":\"ReadAction\",\"target\":[\"https:\/\/www.absolutconsulting.es\/experiencia-y-conocimientos\/\"]}]},{\"@type\":\"BreadcrumbList\",\"@id\":\"https:\/\/www.absolutconsulting.es\/experiencia-y-conocimientos\/#breadcrumb\",\"itemListElement\":[{\"@type\":\"ListItem\",\"position\":1,\"name\":\"Portada\",\"item\":\"https:\/\/www.absolutconsulting.es\/\"},{\"@type\":\"ListItem\",\"position\":2,\"name\":\"Experiencia y Conocimientos\"}]}]}<\/script>\n<!-- \/ Yoast SEO plugin. -->","_links":{"self":[{"href":"https:\/\/www.absolutconsulting.es\/de\/wp-json\/wp\/v2\/pages\/495"}],"collection":[{"href":"https:\/\/www.absolutconsulting.es\/de\/wp-json\/wp\/v2\/pages"}],"about":[{"href":"https:\/\/www.absolutconsulting.es\/de\/wp-json\/wp\/v2\/types\/page"}],"author":[{"embeddable":true,"href":"https:\/\/www.absolutconsulting.es\/de\/wp-json\/wp\/v2\/users\/1"}],"replies":[{"embeddable":true,"href":"https:\/\/www.absolutconsulting.es\/de\/wp-json\/wp\/v2\/comments?post=495"}],"version-history":[{"count":37,"href":"https:\/\/www.absolutconsulting.es\/de\/wp-json\/wp\/v2\/pages\/495\/revisions"}],"predecessor-version":[{"id":2572,"href":"https:\/\/www.absolutconsulting.es\/de\/wp-json\/wp\/v2\/pages\/495\/revisions\/2572"}],"wp:attachment":[{"href":"https:\/\/www.absolutconsulting.es\/de\/wp-json\/wp\/v2\/media?parent=495"}],"curies":[{"name":"wp","href":"https:\/\/api.w.org\/{rel}","templated":true}]}}